{"id":1167,"date":"2025-09-17T09:29:42","date_gmt":"2025-09-17T09:29:42","guid":{"rendered":"http:\/\/www.bursaprofil.com.tr\/?page_id=1167"},"modified":"2025-10-28T21:10:30","modified_gmt":"2025-10-28T21:10:30","slug":"npi-npu-demir-agirliklari-tum-cesitler","status":"publish","type":"page","link":"http:\/\/www.bursaprofil.com.tr\/?page_id=1167","title":{"rendered":"NPI -NPU DEM\u0130R A\u011eIRLIKLARI &#8211; T\u00dcM \u00c7E\u015e\u0130TLER"},"content":{"rendered":"\n<p><\/p>\n\n\n\n<h2 class=\"wp-block-heading\">Npi Profil A\u011f\u0131rl\u0131k Tablosu<\/h2>\n\n\n\n<figure class=\"wp-block-image size-full is-resized\"><img loading=\"lazy\" decoding=\"async\" width=\"197\" height=\"362\" src=\"http:\/\/www.bursaprofil.com.tr\/wp-content\/uploads\/2025\/10\/image-1.png\" alt=\"\" class=\"wp-image-1216\" style=\"width:145px;height:auto\" srcset=\"http:\/\/www.bursaprofil.com.tr\/wp-content\/uploads\/2025\/10\/image-1.png 197w, http:\/\/www.bursaprofil.com.tr\/wp-content\/uploads\/2025\/10\/image-1-163x300.png 163w\" sizes=\"auto, (max-width: 197px) 100vw, 197px\" \/><\/figure>\n\n\n\n<figure class=\"wp-block-table\"><table class=\"has-fixed-layout\"><tbody><tr><td>K\u0131sa Anlamlar\u0131<\/td><td>Npi profil A\u011f\u0131rl\u0131klar\u0131<\/td><td colspan=\"4\">Npi Standart \u00d6l\u00e7\u00fcleri (mm)<\/td><\/tr><tr><td>NPI<\/td><td>1 mt\/Kg<\/td><td>h<\/td><td>b<\/td><td>s<\/td><td>t<\/td><\/tr><tr><td>NPI 80<\/td><td>5.94<\/td><td>80<\/td><td>42<\/td><td>3.9<\/td><td>5.9<\/td><\/tr><tr><td>NPI 100<\/td><td>8.34<\/td><td>100<\/td><td>50<\/td><td>4.5<\/td><td>6.8<\/td><\/tr><tr><td>NPI 120<\/td><td>11.1<\/td><td>120<\/td><td>58<\/td><td>5.1<\/td><td>7.7<\/td><\/tr><tr><td>NPI 140<\/td><td>14.3<\/td><td>140<\/td><td>66<\/td><td>5.7<\/td><td>8.6<\/td><\/tr><tr><td>NPI 160<\/td><td>17.9<\/td><td>160<\/td><td>74<\/td><td>6.3<\/td><td>9.5<\/td><\/tr><tr><td>NPI 180<\/td><td>21.9<\/td><td>180<\/td><td>82<\/td><td>6.9<\/td><td>10.4<\/td><\/tr><tr><td>NPI 200<\/td><td>26.2<\/td><td>200<\/td><td>90<\/td><td>7.5<\/td><td>11.3<\/td><\/tr><tr><td>NPI 220<\/td><td>31.1<\/td><td>220<\/td><td>98<\/td><td>8.1<\/td><td>12.2<\/td><\/tr><tr><td>NPI 240<\/td><td>36.2<\/td><td>240<\/td><td>106<\/td><td>8.7<\/td><td>13.1<\/td><\/tr><tr><td>NPI 260<\/td><td>41.9<\/td><td>260<\/td><td>113<\/td><td>9.4<\/td><td>14.1<\/td><\/tr><tr><td>NPI 280<\/td><td>47.9<\/td><td>280<\/td><td>119<\/td><td>10.1<\/td><td>15.2<\/td><\/tr><tr><td>NPI 300<\/td><td>54.2<\/td><td>300<\/td><td>125<\/td><td>10.8<\/td><td>16.2<\/td><\/tr><tr><td>NPI 320<\/td><td>61.0<\/td><td>320<\/td><td>131<\/td><td>11.5<\/td><td>17.3<\/td><\/tr><tr><td>NPI 340<\/td><td>68.0<\/td><td>340<\/td><td>137<\/td><td>12.2<\/td><td>18.3<\/td><\/tr><tr><td>NPI 360<\/td><td>76.1<\/td><td>360<\/td><td>143<\/td><td>13.0<\/td><td>19.5<\/td><\/tr><tr><td>NPI 380<\/td><td>84.0<\/td><td>380<\/td><td>149<\/td><td>13.7<\/td><td>20.5<\/td><\/tr><tr><td>NPI 400<\/td><td>92.4<\/td><td>400<\/td><td>155<\/td><td>14.4<\/td><td>21.6<\/td><\/tr><tr><td>NPI 425<\/td><td>104<\/td><td>425<\/td><td>163<\/td><td>15.3<\/td><td>23.0<\/td><\/tr><tr><td>NPI 450<\/td><td>115<\/td><td>450<\/td><td>170<\/td><td>16.2<\/td><td>24.3<\/td><\/tr><tr><td>NPI 475<\/td><td>128<\/td><td>475<\/td><td>178<\/td><td>17.1<\/td><td>25.6<\/td><\/tr><tr><td>NPI 500<\/td><td>141<\/td><td>500<\/td><td>185<\/td><td>18.0<\/td><td>27.0<\/td><\/tr><tr><td>NPI 550<\/td><td>166<\/td><td>550<\/td><td>200<\/td><td>19.0<\/td><td>30.0<\/td><\/tr><tr><td>NPI 600<\/td><td>199<\/td><td>600<\/td><td>215<\/td><td>21.6<\/td><td>32.4<\/td><\/tr><\/tbody><\/table><\/figure>\n\n\n\n<h2 class=\"wp-block-heading\">Npu Profil A\u011f\u0131rl\u0131k Tablosu<\/h2>\n\n\n\n<figure class=\"wp-block-image size-full is-resized\"><img loading=\"lazy\" decoding=\"async\" width=\"294\" height=\"374\" src=\"http:\/\/www.bursaprofil.com.tr\/wp-content\/uploads\/2025\/10\/image.png\" alt=\"\" class=\"wp-image-1214\" style=\"width:253px;height:auto\" srcset=\"http:\/\/www.bursaprofil.com.tr\/wp-content\/uploads\/2025\/10\/image.png 294w, http:\/\/www.bursaprofil.com.tr\/wp-content\/uploads\/2025\/10\/image-236x300.png 236w\" sizes=\"auto, (max-width: 294px) 100vw, 294px\" \/><\/figure>\n\n\n\n<figure class=\"wp-block-table\"><table class=\"has-fixed-layout\"><tbody><tr><td>K\u0131sa Anlamlar\u0131<\/td><td>Npu Demir A\u011f\u0131rl\u0131klar\u0131<\/td><td colspan=\"4\">Npu Standart \u00d6l\u00e7\u00fcleri (mm)<\/td><\/tr><tr><td>NPU<\/td><td>1 mt\/Kg<\/td><td>h<\/td><td>b<\/td><td>s<\/td><td>t<\/td><\/tr><tr><td>NPU 30<\/td><td>1.74<\/td><td>30<\/td><td>15<\/td><td>4<\/td><td>4.5<\/td><\/tr><tr><td>NPU 30<\/td><td>4.27<\/td><td>30<\/td><td>33<\/td><td>5<\/td><td>7<\/td><\/tr><tr><td>NPU 40<\/td><td>2.87<\/td><td>40<\/td><td>20<\/td><td>5<\/td><td>5.5<\/td><\/tr><tr><td>NPU 40<\/td><td>4.87<\/td><td>40<\/td><td>35<\/td><td>5<\/td><td>7<\/td><\/tr><tr><td>NPU 50<\/td><td>3.86<\/td><td>50<\/td><td>25<\/td><td>5<\/td><td>6<\/td><\/tr><tr><td>NPU 50<\/td><td>5.59<\/td><td>50<\/td><td>38<\/td><td>5<\/td><td>7<\/td><\/tr><tr><td>NPU 60<\/td><td>5.07<\/td><td>60<\/td><td>30<\/td><td>6<\/td><td>6<\/td><\/tr><tr><td>NPU 65<\/td><td>7.09<\/td><td>65<\/td><td>42<\/td><td>5.5<\/td><td>7.5<\/td><\/tr><tr><td>NPU 80<\/td><td>8.64<\/td><td>80<\/td><td>45<\/td><td>6<\/td><td>8<\/td><\/tr><tr><td>NPU 100<\/td><td>10.6<\/td><td>100<\/td><td>50<\/td><td>6<\/td><td>8.5<\/td><\/tr><tr><td>NPU 120<\/td><td>13.4<\/td><td>120<\/td><td>55<\/td><td>7<\/td><td>9<\/td><\/tr><tr><td>NPU 140<\/td><td>16.0<\/td><td>140<\/td><td>60<\/td><td>7<\/td><td>10<\/td><\/tr><tr><td>NPU 160<\/td><td>18.8<\/td><td>160<\/td><td>65<\/td><td>7.5<\/td><td>10.5<\/td><\/tr><tr><td>NPU 180<\/td><td>22.0<\/td><td>180<\/td><td>70<\/td><td>8<\/td><td>11<\/td><\/tr><tr><td>NPU 200<\/td><td>25.3<\/td><td>200<\/td><td>75<\/td><td>8.5<\/td><td>11.5<\/td><\/tr><tr><td>NPU 220<\/td><td>29.4<\/td><td>220<\/td><td>80<\/td><td>9<\/td><td>12.5<\/td><\/tr><tr><td>NPU 240<\/td><td>33.2<\/td><td>240<\/td><td>85<\/td><td>9.5<\/td><td>13<\/td><\/tr><tr><td>NPU 260<\/td><td>37.9<\/td><td>260<\/td><td>90<\/td><td>10<\/td><td>14<\/td><\/tr><tr><td>NPU 280<\/td><td>41.8<\/td><td>280<\/td><td>95<\/td><td>10<\/td><td>15<\/td><\/tr><tr><td>NPU 300<\/td><td>46.2<\/td><td>300<\/td><td>100<\/td><td>10<\/td><td>16<\/td><\/tr><tr><td>NPU 320<\/td><td>59.5<\/td><td>320<\/td><td>100<\/td><td>14<\/td><td>18<\/td><\/tr><tr><td>NPU 350<\/td><td>60.6<\/td><td>350<\/td><td>100<\/td><td>14<\/td><td>16<\/td><\/tr><tr><td>NPU 400<\/td><td>71.8<\/td><td>400<\/td><td>110<\/td><td>14<\/td><td>18<\/td><\/tr><\/tbody><\/table><\/figure>\n\n\n\n<figure class=\"wp-block-table\"><table><tbody><tr><td colspan=\"2\"><strong>NPU DEM\u0130R A\u011eIRLIK CETVEL\u0130<\/strong><\/td><\/tr><tr><td>Ebat(mm.)<\/td><td>A\u011f\u0131rl\u0131k(Kg.\/Mt.)<\/td><\/tr><tr><td><strong>40x20x5<\/strong><\/td><td><strong>2.700<\/strong><\/td><\/tr><tr><td><strong>50x25x6<\/strong><\/td><td><strong>4.320<\/strong><\/td><\/tr><tr><td><strong>65x42x5,5<\/strong><\/td><td><strong>7.090<\/strong><\/td><\/tr><tr><td><strong>80x45x6<\/strong><\/td><td><strong>8.640<\/strong><\/td><\/tr><tr><td><strong>100x50x6<\/strong><\/td><td><strong>10.600<\/strong><\/td><\/tr><tr><td><strong>120x55x7<\/strong><\/td><td><strong>13.400<\/strong><\/td><\/tr><tr><td><strong>140x60x7<\/strong><\/td><td><strong>16.000<\/strong><\/td><\/tr><tr><td><strong>160x65x7,5<\/strong><\/td><td><strong>18.800<\/strong><\/td><\/tr><tr><td><strong>180x70x8<\/strong><\/td><td><strong>22.000<\/strong><\/td><\/tr><tr><td><strong>200x75x8,5<\/strong><\/td><td><strong>25.300<\/strong><\/td><\/tr><tr><td><strong>220x80x9<\/strong><\/td><td><strong>29.400<\/strong><\/td><\/tr><tr><td><strong>240x85x9,5<\/strong><\/td><td><strong>33.200<\/strong><\/td><\/tr><tr><td><strong>260x90x10<\/strong><\/td><td><strong>37.900<\/strong><\/td><\/tr><tr><td><strong>280x95x10<\/strong><\/td><td><strong>41.800<\/strong><\/td><\/tr><tr><td><strong>300x100x10<\/strong><\/td><td><strong>46.200<\/strong><\/td><\/tr><\/tbody><\/table><\/figure>\n\n\n\n<figure class=\"wp-block-table\"><table><tbody><tr><td colspan=\"2\"><strong>NPI DEM\u0130R A\u011eIRLIK CETVEL\u0130<\/strong><\/td><\/tr><tr><td>Ebat(mm.)<\/td><td>A\u011f\u0131rl\u0131k(Kg.\/Mt.)<\/td><\/tr><tr><td><strong>80x42x3,9<\/strong><\/td><td><strong>5.950<\/strong><\/td><\/tr><tr><td><strong>100x50x4,5<\/strong><\/td><td><strong>8.320<\/strong><\/td><\/tr><tr><td><strong>120x58x5,1<\/strong><\/td><td><strong>11.200<\/strong><\/td><\/tr><tr><td><strong>140x66x5,7<\/strong><\/td><td><strong>14.400<\/strong><\/td><\/tr><tr><td><strong>160x74x6,3<\/strong><\/td><td><strong>17.900<\/strong><\/td><\/tr><tr><td><strong>180x82x6,9<\/strong><\/td><td><strong>21.900<\/strong><\/td><\/tr><tr><td><strong>200x90x7,5<\/strong><\/td><td><strong>26.300<\/strong><\/td><\/tr><tr><td><strong>220x98x8,1<\/strong><\/td><td><strong>31.100<\/strong><\/td><\/tr><tr><td><strong>240x106x8,7<\/strong><\/td><td><strong>36.200<\/strong><\/td><\/tr><tr><td><strong>260x113x9,4<\/strong><\/td><td><strong>41.900<\/strong><\/td><\/tr><tr><td><strong>280x119x10,1<\/strong><\/td><td><strong>48.000<\/strong><\/td><\/tr><tr><td><strong>300x125x10,8<\/strong><\/td><td><strong>54.200<\/strong><\/td><\/tr><tr><td><strong>340x137x12,2<\/strong><\/td><td><strong>68.100<\/strong><\/td><\/tr><tr><td><strong>380x149x13,7<\/strong><\/td><td><strong>84.000<\/strong><\/td><\/tr><tr><td><strong>400x155x14,4<\/strong><\/td><td><strong>92.600<\/strong><\/td><\/tr><\/tbody><\/table><\/figure>\n","protected":false},"excerpt":{"rendered":"<p>Npi Profil A\u011f\u0131rl\u0131k Tablosu K\u0131sa Anlamlar\u0131 Npi profil A\u011f\u0131rl\u0131klar\u0131 Npi Standart \u00d6l\u00e7\u00fcleri (mm) NPI 1 mt\/Kg h b s t NPI 80 5.94 80 42 3.9 5.9 NPI 100 8.34 100 50 4.5 6.8 NPI 120 11.1 120 58 5.1 7.7 NPI 140 14.3 140 66 5.7 8.6 NPI 160 17.9 160 74 6.3 9.5 [&hellip;]<\/p>\n","protected":false},"author":1,"featured_media":1162,"parent":17,"menu_order":0,"comment_status":"closed","ping_status":"closed","template":"","meta":{"om_disable_all_campaigns":false,"_mi_skip_tracking":false,"footnotes":""},"class_list":["post-1167","page","type-page","status-publish","has-post-thumbnail","hentry"],"aioseo_notices":[],"_links":{"self":[{"href":"http:\/\/www.bursaprofil.com.tr\/index.php?rest_route=\/wp\/v2\/pages\/1167","targetHints":{"allow":["GET"]}}],"collection":[{"href":"http:\/\/www.bursaprofil.com.tr\/index.php?rest_route=\/wp\/v2\/pages"}],"about":[{"href":"http:\/\/www.bursaprofil.com.tr\/index.php?rest_route=\/wp\/v2\/types\/page"}],"author":[{"embeddable":true,"href":"http:\/\/www.bursaprofil.com.tr\/index.php?rest_route=\/wp\/v2\/users\/1"}],"replies":[{"embeddable":true,"href":"http:\/\/www.bursaprofil.com.tr\/index.php?rest_route=%2Fwp%2Fv2%2Fcomments&post=1167"}],"version-history":[{"count":2,"href":"http:\/\/www.bursaprofil.com.tr\/index.php?rest_route=\/wp\/v2\/pages\/1167\/revisions"}],"predecessor-version":[{"id":1217,"href":"http:\/\/www.bursaprofil.com.tr\/index.php?rest_route=\/wp\/v2\/pages\/1167\/revisions\/1217"}],"up":[{"embeddable":true,"href":"http:\/\/www.bursaprofil.com.tr\/index.php?rest_route=\/wp\/v2\/pages\/17"}],"wp:featuredmedia":[{"embeddable":true,"href":"http:\/\/www.bursaprofil.com.tr\/index.php?rest_route=\/wp\/v2\/media\/1162"}],"wp:attachment":[{"href":"http:\/\/www.bursaprofil.com.tr\/index.php?rest_route=%2Fwp%2Fv2%2Fmedia&parent=1167"}],"curies":[{"name":"wp","href":"https:\/\/api.w.org\/{rel}","templated":true}]}}