{"id":1169,"date":"2025-09-17T09:30:30","date_gmt":"2025-09-17T09:30:30","guid":{"rendered":"http:\/\/www.bursaprofil.com.tr\/?page_id=1169"},"modified":"2025-09-17T09:46:31","modified_gmt":"2025-09-17T09:46:31","slug":"te-demiri-agirliklari-tum-olculer","status":"publish","type":"page","link":"http:\/\/www.bursaprofil.com.tr\/?page_id=1169","title":{"rendered":"TE DEM\u0130R\u0130 A\u011eIRLIKLARI &#8211; T\u00dcM \u00d6L\u00c7\u00dcLER"},"content":{"rendered":"\n<p><\/p>\n\n\n\n<p><\/p>\n\n\n\n<p><\/p>\n\n\n\n<figure class=\"wp-block-table\"><table><tbody><tr><td colspan=\"2\"><strong>TE DEM\u0130R A\u011eIRLIK CETVEL\u0130<\/strong><\/td><\/tr><tr><td>Ebat(mm.)<\/td><td>A\u011f\u0131rl\u0131k(Kg.\/Mt.)<\/td><\/tr><tr><td><strong>20x20x3<\/strong><\/td><td><strong>0,880<\/strong><\/td><\/tr><tr><td><strong>25x25x3<\/strong><\/td><td><strong>1.120<\/strong><\/td><\/tr><tr><td><strong>30x30x3<\/strong><\/td><td><strong>1.340<\/strong><\/td><\/tr><tr><td><strong>30x30x4<\/strong><\/td><td><strong>1.775<\/strong><\/td><\/tr><tr><td><strong>35x35x4<\/strong><\/td><td><strong>2.060<\/strong><\/td><\/tr><tr><td><strong>40x40x4<\/strong><\/td><td><strong>2.380<\/strong><\/td><\/tr><tr><td><strong>45x45x5,5<\/strong><\/td><td><strong>3.665<\/strong><\/td><\/tr><tr><td><strong>50x50x5<\/strong><\/td><td><strong>3.720<\/strong><\/td><\/tr><tr><td><strong>60x60x7<\/strong><\/td><td><strong>6.230<\/strong><\/td><\/tr><tr><td><strong>70x70x8<\/strong><\/td><td><strong>8.320<\/strong><\/td><\/tr><tr><td><strong>80x80x9<\/strong><\/td><td><strong>10.675<\/strong><\/td><\/tr><tr><td><strong>90x90x10<\/strong><\/td><td><strong>13.425<\/strong><\/td><\/tr><tr><td><strong>100x100x11<\/strong><\/td><td><strong>16.405<\/strong><\/td><\/tr><tr><td><strong>120x120x13<\/strong><\/td><td><strong>23.235<\/strong><\/td><\/tr><tr><td><strong>140x140x15<\/strong><\/td><td><strong>31.320<\/strong><\/td><\/tr><\/tbody><\/table><\/figure>\n","protected":false},"excerpt":{"rendered":"<p>TE DEM\u0130R A\u011eIRLIK CETVEL\u0130 Ebat(mm.) A\u011f\u0131rl\u0131k(Kg.\/Mt.) 20x20x3 0,880 25x25x3 1.120 30x30x3 1.340 30x30x4 1.775 35x35x4 2.060 40x40x4 2.380 45x45x5,5 3.665 50x50x5 3.720 60x60x7 6.230 70x70x8 8.320 80x80x9 10.675 90x90x10 13.425 100x100x11 16.405 120x120x13 23.235 140x140x15 31.320<\/p>\n","protected":false},"author":1,"featured_media":0,"parent":17,"menu_order":0,"comment_status":"closed","ping_status":"closed","template":"","meta":{"om_disable_all_campaigns":false,"_mi_skip_tracking":false,"footnotes":""},"class_list":["post-1169","page","type-page","status-publish","hentry"],"aioseo_notices":[],"_links":{"self":[{"href":"http:\/\/www.bursaprofil.com.tr\/index.php?rest_route=\/wp\/v2\/pages\/1169","targetHints":{"allow":["GET"]}}],"collection":[{"href":"http:\/\/www.bursaprofil.com.tr\/index.php?rest_route=\/wp\/v2\/pages"}],"about":[{"href":"http:\/\/www.bursaprofil.com.tr\/index.php?rest_route=\/wp\/v2\/types\/page"}],"author":[{"embeddable":true,"href":"http:\/\/www.bursaprofil.com.tr\/index.php?rest_route=\/wp\/v2\/users\/1"}],"replies":[{"embeddable":true,"href":"http:\/\/www.bursaprofil.com.tr\/index.php?rest_route=%2Fwp%2Fv2%2Fcomments&post=1169"}],"version-history":[{"count":1,"href":"http:\/\/www.bursaprofil.com.tr\/index.php?rest_route=\/wp\/v2\/pages\/1169\/revisions"}],"predecessor-version":[{"id":1170,"href":"http:\/\/www.bursaprofil.com.tr\/index.php?rest_route=\/wp\/v2\/pages\/1169\/revisions\/1170"}],"up":[{"embeddable":true,"href":"http:\/\/www.bursaprofil.com.tr\/index.php?rest_route=\/wp\/v2\/pages\/17"}],"wp:attachment":[{"href":"http:\/\/www.bursaprofil.com.tr\/index.php?rest_route=%2Fwp%2Fv2%2Fmedia&parent=1169"}],"curies":[{"name":"wp","href":"https:\/\/api.w.org\/{rel}","templated":true}]}}