{"id":1171,"date":"2025-09-17T09:31:29","date_gmt":"2025-09-17T09:31:29","guid":{"rendered":"http:\/\/www.bursaprofil.com.tr\/?page_id=1171"},"modified":"2025-09-17T09:43:53","modified_gmt":"2025-09-17T09:43:53","slug":"kosebent-demir-agirliklari-tum-olculer","status":"publish","type":"page","link":"http:\/\/www.bursaprofil.com.tr\/?page_id=1171","title":{"rendered":"K\u00d6\u015eEBENT DEM\u0130R A\u011eIRLIKLARI &#8211; T\u00dcM \u00d6L\u00c7\u00dcLER"},"content":{"rendered":"\n<p><\/p>\n\n\n\n<figure class=\"wp-block-table\"><table><tbody><tr><td colspan=\"2\"><strong>K\u00d6\u015eEBENT DEM\u0130R A\u011eIRLIK CETVEL\u0130<\/strong><\/td><\/tr><tr><td>Ebat(mm.)<\/td><td>A\u011f\u0131rl\u0131k(Kg.\/Mt.)<\/td><\/tr><tr><td><strong>25x25x3<\/strong><\/td><td><strong>1.120<\/strong><\/td><\/tr><tr><td><strong>30\u00d7303<\/strong><\/td><td><strong>1.360<\/strong><\/td><\/tr><tr><td><strong>35x35x3<\/strong><\/td><td><strong>1.600<\/strong><\/td><\/tr><tr><td><strong>40x40x3<\/strong><\/td><td><strong>1.815<\/strong><\/td><\/tr><tr><td><strong>40x40x4<\/strong><\/td><td><strong>2.420<\/strong><\/td><\/tr><tr><td><strong>50x50x5<\/strong><\/td><td><strong>3.770<\/strong><\/td><\/tr><tr><td><strong>60x60x6<\/strong><\/td><td><strong>5.420<\/strong><\/td><\/tr><tr><td><strong>65x65x7<\/strong><\/td><td><strong>6.830<\/strong><\/td><\/tr><tr><td><strong>70x70x7<\/strong><\/td><td><strong>7.380<\/strong><\/td><\/tr><tr><td><strong>80x80x8<\/strong><\/td><td><strong>9.660<\/strong><\/td><\/tr><tr><td><strong>90x90x9<\/strong><\/td><td><strong>12.200<\/strong><\/td><\/tr><tr><td><strong>100x100x10<\/strong><\/td><td><strong>15.100<\/strong><\/td><\/tr><tr><td><strong>120x120x10<\/strong><\/td><td><strong>18.200<\/strong><\/td><\/tr><tr><td><strong>120x120x12<\/strong><\/td><td><strong>21.600<\/strong><\/td><\/tr><tr><td><strong>150x150x15<\/strong><\/td><td><strong>33.560<\/strong><\/td><\/tr><\/tbody><\/table><\/figure>\n","protected":false},"excerpt":{"rendered":"<p>K\u00d6\u015eEBENT DEM\u0130R A\u011eIRLIK CETVEL\u0130 Ebat(mm.) A\u011f\u0131rl\u0131k(Kg.\/Mt.) 25x25x3 1.120 30\u00d7303 1.360 35x35x3 1.600 40x40x3 1.815 40x40x4 2.420 50x50x5 3.770 60x60x6 5.420 65x65x7 6.830 70x70x7 7.380 80x80x8 9.660 90x90x9 12.200 100x100x10 15.100 120x120x10 18.200 120x120x12 21.600 150x150x15 33.560<\/p>\n","protected":false},"author":1,"featured_media":710,"parent":17,"menu_order":0,"comment_status":"closed","ping_status":"closed","template":"","meta":{"om_disable_all_campaigns":false,"_mi_skip_tracking":false,"footnotes":""},"class_list":["post-1171","page","type-page","status-publish","has-post-thumbnail","hentry"],"aioseo_notices":[],"_links":{"self":[{"href":"http:\/\/www.bursaprofil.com.tr\/index.php?rest_route=\/wp\/v2\/pages\/1171","targetHints":{"allow":["GET"]}}],"collection":[{"href":"http:\/\/www.bursaprofil.com.tr\/index.php?rest_route=\/wp\/v2\/pages"}],"about":[{"href":"http:\/\/www.bursaprofil.com.tr\/index.php?rest_route=\/wp\/v2\/types\/page"}],"author":[{"embeddable":true,"href":"http:\/\/www.bursaprofil.com.tr\/index.php?rest_route=\/wp\/v2\/users\/1"}],"replies":[{"embeddable":true,"href":"http:\/\/www.bursaprofil.com.tr\/index.php?rest_route=%2Fwp%2Fv2%2Fcomments&post=1171"}],"version-history":[{"count":1,"href":"http:\/\/www.bursaprofil.com.tr\/index.php?rest_route=\/wp\/v2\/pages\/1171\/revisions"}],"predecessor-version":[{"id":1172,"href":"http:\/\/www.bursaprofil.com.tr\/index.php?rest_route=\/wp\/v2\/pages\/1171\/revisions\/1172"}],"up":[{"embeddable":true,"href":"http:\/\/www.bursaprofil.com.tr\/index.php?rest_route=\/wp\/v2\/pages\/17"}],"wp:featuredmedia":[{"embeddable":true,"href":"http:\/\/www.bursaprofil.com.tr\/index.php?rest_route=\/wp\/v2\/media\/710"}],"wp:attachment":[{"href":"http:\/\/www.bursaprofil.com.tr\/index.php?rest_route=%2Fwp%2Fv2%2Fmedia&parent=1171"}],"curies":[{"name":"wp","href":"https:\/\/api.w.org\/{rel}","templated":true}]}}