{"id":1173,"date":"2025-09-17T09:33:00","date_gmt":"2025-09-17T09:33:00","guid":{"rendered":"http:\/\/www.bursaprofil.com.tr\/?page_id=1173"},"modified":"2025-09-17T09:44:05","modified_gmt":"2025-09-17T09:44:05","slug":"lama-silme-kare-yuvarlak-agirliklari","status":"publish","type":"page","link":"http:\/\/www.bursaprofil.com.tr\/?page_id=1173","title":{"rendered":"LAMA S\u0130LME , KARE, YUVARLAK A\u011eIRLIKLARI"},"content":{"rendered":"\n<figure class=\"wp-block-table\"><table><tbody><tr><td colspan=\"2\"><strong>KARE DEM\u0130R A\u011eIRLIK CETVEL\u0130<\/strong><\/td><\/tr><tr><td>Ebat(mm.)<\/td><td>A\u011f\u0131rl\u0131k(Kg.\/Mt.)<\/td><\/tr><tr><td><strong>6\u00d76<\/strong><\/td><td><strong>0,283<\/strong><\/td><\/tr><tr><td><strong>8\u00d78<\/strong><\/td><td><strong>0,502<\/strong><\/td><\/tr><tr><td><strong>10\u00d710<\/strong><\/td><td><strong>0,785<\/strong><\/td><\/tr><tr><td><strong>12\u00d712<\/strong><\/td><td><strong>1.130<\/strong><\/td><\/tr><tr><td><strong>14\u00d714<\/strong><\/td><td><strong>1.539<\/strong><\/td><\/tr><tr><td><strong>16\u00d716<\/strong><\/td><td><strong>2.010<\/strong><\/td><\/tr><tr><td><strong>18\u00d718<\/strong><\/td><td><strong>2.543<\/strong><\/td><\/tr><tr><td><strong>20\u00d720<\/strong><\/td><td><strong>3.140<\/strong><\/td><\/tr><tr><td><strong>22\u00d722<\/strong><\/td><td><strong>3.799<\/strong><\/td><\/tr><tr><td><strong>24\u00d724<\/strong><\/td><td><strong>4.522<\/strong><\/td><\/tr><tr><td><strong>26\u00d726<\/strong><\/td><td><strong>5.307<\/strong><\/td><\/tr><tr><td><strong>28\u00d728<\/strong><\/td><td><strong>6.154<\/strong><\/td><\/tr><tr><td><strong>30\u00d730<\/strong><\/td><td><strong>7.065<\/strong><\/td><\/tr><tr><td><strong>40\u00d740<\/strong><\/td><td><strong>12.560<\/strong><\/td><\/tr><tr><td><strong>50\u00d750<\/strong><\/td><td><strong>19.625<\/strong><\/td><\/tr><\/tbody><\/table><\/figure>\n\n\n\n<figure class=\"wp-block-table\"><table><tbody><tr><td colspan=\"2\"><strong>S\u0130LME DEM\u0130R A\u011eIRLIK CETVEL\u0130<\/strong><\/td><\/tr><tr><td>Ebat(mm.)<\/td><td>A\u011f\u0131rl\u0131k(Kg.\/Mt.)<\/td><\/tr><tr><td><strong>12\u00d73<\/strong><\/td><td><strong>0,283<\/strong><\/td><\/tr><tr><td><strong>16\u00d73<\/strong><\/td><td><strong>0,377<\/strong><\/td><\/tr><tr><td><strong>18\u00d73<\/strong><\/td><td><strong>0,424<\/strong><\/td><\/tr><tr><td><strong>20\u00d73<\/strong><\/td><td><strong>0,471<\/strong><\/td><\/tr><tr><td><strong>25\u00d73<\/strong><\/td><td><strong>0,589<\/strong><\/td><\/tr><tr><td><strong>30\u00d73<\/strong><\/td><td><strong>0,706<\/strong><\/td><\/tr><tr><td><strong>20\u00d75<\/strong><\/td><td><strong>0,785<\/strong><\/td><\/tr><tr><td><strong>25\u00d75<\/strong><\/td><td><strong>0,981<\/strong><\/td><\/tr><tr><td><strong>30\u00d75<\/strong><\/td><td><strong>1.178<\/strong><\/td><\/tr><tr><td><strong>40\u00d75<\/strong><\/td><td><strong>1.570<\/strong><\/td><\/tr><tr><td><strong>50\u00d75<\/strong><\/td><td><strong>1.963<\/strong><\/td><\/tr><tr><td><strong>60\u00d75<\/strong><\/td><td><strong>2.356<\/strong><\/td><\/tr><tr><td><strong>70\u00d75<\/strong><\/td><td><strong>2.748<\/strong><\/td><\/tr><tr><td><strong>80\u00d75<\/strong><\/td><td><strong>3.140<\/strong><\/td><\/tr><tr><td><strong>100\u00d75<\/strong><\/td><td><strong>3.925<\/strong><\/td><\/tr><\/tbody><\/table><\/figure>\n\n\n\n<figure class=\"wp-block-table\"><table><tbody><tr><td colspan=\"2\"><strong>LAMA DEM\u0130R A\u011eIRLIK CETVEL\u0130<\/strong><\/td><\/tr><tr><td>Ebat(mm.)<\/td><td>A\u011f\u0131rl\u0131k(Kg.\/Mt.)<\/td><\/tr><tr><td><strong>20\u00d710<\/strong><\/td><td><strong>1.570<\/strong><\/td><\/tr><tr><td><strong>25\u00d710<\/strong><\/td><td><strong>1.960<\/strong><\/td><\/tr><tr><td><strong>30\u00d710<\/strong><\/td><td><strong>2.360<\/strong><\/td><\/tr><tr><td><strong>40\u00d710<\/strong><\/td><td><strong>3.140<\/strong><\/td><\/tr><tr><td><strong>50\u00d710<\/strong><\/td><td><strong>3.925<\/strong><\/td><\/tr><tr><td><strong>60\u00d710<\/strong><\/td><td><strong>4.710<\/strong><\/td><\/tr><tr><td><strong>70\u00d710<\/strong><\/td><td><strong>5.495<\/strong><\/td><\/tr><tr><td><strong>80\u00d710<\/strong><\/td><td><strong>6.280<\/strong><\/td><\/tr><tr><td><strong>100\u00d710<\/strong><\/td><td><strong>7.850<\/strong><\/td><\/tr><tr><td><strong>120\u00d710<\/strong><\/td><td><strong>9.420<\/strong><\/td><\/tr><tr><td><strong>120\u00d712<\/strong><\/td><td><strong>11.304<\/strong><\/td><\/tr><tr><td><strong>50\u00d716<\/strong><\/td><td><strong>6.280<\/strong><\/td><\/tr><tr><td><strong>50\u00d720<\/strong><\/td><td><strong>7.850<\/strong><\/td><\/tr><tr><td><strong>60\u00d720<\/strong><\/td><td><strong>9.420<\/strong><\/td><\/tr><tr><td><strong>80\u00d720<\/strong><\/td><td><strong>12.560<\/strong><\/td><\/tr><\/tbody><\/table><\/figure>\n\n\n\n<figure class=\"wp-block-table\"><table><tbody><tr><td colspan=\"2\"><strong>YUVARLAK DEM\u0130R A\u011eIRLIK CETVEL\u0130<\/strong><\/td><\/tr><tr><td>Ebat(mm.)<\/td><td>A\u011f\u0131rl\u0131k(Kg.\/Mt.)<\/td><\/tr><tr><td><strong>3<\/strong><\/td><td><strong>0,055<\/strong><\/td><\/tr><tr><td><strong>4<\/strong><\/td><td><strong>0,099<\/strong><\/td><\/tr><tr><td><strong>5<\/strong><\/td><td><strong>0,154<\/strong><\/td><\/tr><tr><td><strong>6<\/strong><\/td><td><strong>0,222<\/strong><\/td><\/tr><tr><td><strong>7<\/strong><\/td><td><strong>0,302<\/strong><\/td><\/tr><tr><td><strong>8<\/strong><\/td><td><strong>0,395<\/strong><\/td><\/tr><tr><td><strong>10<\/strong><\/td><td><strong>0,617<\/strong><\/td><\/tr><tr><td><strong>12<\/strong><\/td><td><strong>0,888<\/strong><\/td><\/tr><tr><td><strong>14<\/strong><\/td><td><strong>1.208<\/strong><\/td><\/tr><tr><td><strong>16<\/strong><\/td><td><strong>1.578<\/strong><\/td><\/tr><tr><td><strong>18<\/strong><\/td><td><strong>1.998<\/strong><\/td><\/tr><tr><td><strong>20<\/strong><\/td><td><strong>2.466<\/strong><\/td><\/tr><tr><td><strong>22<\/strong><\/td><td><strong>2.984<\/strong><\/td><\/tr><tr><td><strong>24<\/strong><\/td><td><strong>3.551<\/strong><\/td><\/tr><tr><td><strong>30<\/strong><\/td><td><strong>5.549<\/strong><\/td><\/tr><\/tbody><\/table><\/figure>\n","protected":false},"excerpt":{"rendered":"<p>KARE DEM\u0130R A\u011eIRLIK CETVEL\u0130 Ebat(mm.) A\u011f\u0131rl\u0131k(Kg.\/Mt.) 6\u00d76 0,283 8\u00d78 0,502 10\u00d710 0,785 12\u00d712 1.130 14\u00d714 1.539 16\u00d716 2.010 18\u00d718 2.543 20\u00d720 3.140 22\u00d722 3.799 24\u00d724 4.522 26\u00d726 5.307 28\u00d728 6.154 30\u00d730 7.065 40\u00d740 12.560 50\u00d750 19.625 S\u0130LME DEM\u0130R A\u011eIRLIK CETVEL\u0130 Ebat(mm.) A\u011f\u0131rl\u0131k(Kg.\/Mt.) 12\u00d73 0,283 16\u00d73 0,377 18\u00d73 0,424 20\u00d73 0,471 25\u00d73 0,589 30\u00d73 0,706 20\u00d75 [&hellip;]<\/p>\n","protected":false},"author":1,"featured_media":0,"parent":17,"menu_order":0,"comment_status":"closed","ping_status":"closed","template":"","meta":{"om_disable_all_campaigns":false,"_mi_skip_tracking":false,"footnotes":""},"class_list":["post-1173","page","type-page","status-publish","hentry"],"aioseo_notices":[],"_links":{"self":[{"href":"http:\/\/www.bursaprofil.com.tr\/index.php?rest_route=\/wp\/v2\/pages\/1173","targetHints":{"allow":["GET"]}}],"collection":[{"href":"http:\/\/www.bursaprofil.com.tr\/index.php?rest_route=\/wp\/v2\/pages"}],"about":[{"href":"http:\/\/www.bursaprofil.com.tr\/index.php?rest_route=\/wp\/v2\/types\/page"}],"author":[{"embeddable":true,"href":"http:\/\/www.bursaprofil.com.tr\/index.php?rest_route=\/wp\/v2\/users\/1"}],"replies":[{"embeddable":true,"href":"http:\/\/www.bursaprofil.com.tr\/index.php?rest_route=%2Fwp%2Fv2%2Fcomments&post=1173"}],"version-history":[{"count":1,"href":"http:\/\/www.bursaprofil.com.tr\/index.php?rest_route=\/wp\/v2\/pages\/1173\/revisions"}],"predecessor-version":[{"id":1174,"href":"http:\/\/www.bursaprofil.com.tr\/index.php?rest_route=\/wp\/v2\/pages\/1173\/revisions\/1174"}],"up":[{"embeddable":true,"href":"http:\/\/www.bursaprofil.com.tr\/index.php?rest_route=\/wp\/v2\/pages\/17"}],"wp:attachment":[{"href":"http:\/\/www.bursaprofil.com.tr\/index.php?rest_route=%2Fwp%2Fv2%2Fmedia&parent=1173"}],"curies":[{"name":"wp","href":"https:\/\/api.w.org\/{rel}","templated":true}]}}