{"id":1175,"date":"2025-09-17T09:34:12","date_gmt":"2025-09-17T09:34:12","guid":{"rendered":"http:\/\/www.bursaprofil.com.tr\/?page_id=1175"},"modified":"2025-10-28T21:06:37","modified_gmt":"2025-10-28T21:06:37","slug":"dkp-siyah-sac-agirlik-cetveli-tum-olculer","status":"publish","type":"page","link":"http:\/\/www.bursaprofil.com.tr\/?page_id=1175","title":{"rendered":"DKP-S\u0130YAH SAC A\u011eIRLIK CETVEL\u0130 &#8211; T\u00dcM \u00d6L\u00c7\u00dcLER"},"content":{"rendered":"\n<p>Levha sac a\u011f\u0131rl\u0131k hesaplama listesi<\/p>\n\n\n\n<figure class=\"wp-block-table\"><table class=\"has-fixed-layout\"><thead><tr><th>\u00c7elik Sac Kal\u0131nl\u0131klar\u0131<\/th><th>Leva sac \u00f6l\u00e7\u00fcs\u00fc 1000&#215;2000<\/th><th>Leva sac \u00f6l\u00e7\u00fcs\u00fc 1200&#215;2400<\/th><th>Leva sac \u00f6l\u00e7\u00fcs\u00fc 1250&#215;2500<\/th><th>Leva sac \u00f6l\u00e7\u00fcs\u00fc 1500&#215;6000<\/th><\/tr><\/thead><tbody><tr><td>0,40 mm<\/td><td>6.4 kg<\/td><td>9.2 kg<\/td><td>10.0 kg<\/td><td><\/td><\/tr><tr><td>0.50 mm<\/td><td>8.0 kg<\/td><td>11.5 kg<\/td><td>12.5 kg<\/td><td><\/td><\/tr><tr><td>0.60 mm<\/td><td>9.6 kg<\/td><td>13.8 kg<\/td><td>15.0 kg<\/td><td><\/td><\/tr><tr><td>0.70 mm<\/td><td>11.2 kg<\/td><td>16.1 kg<\/td><td>17.5 kg<\/td><td><\/td><\/tr><tr><td>0.80 mm<\/td><td>12.8 kg<\/td><td>18.4 kg<\/td><td>20.0 kg<\/td><td><\/td><\/tr><tr><td>0.90 mm<\/td><td>14.4 kg<\/td><td>20.7 kg<\/td><td>22.5 kg<\/td><td><\/td><\/tr><tr><td>1.00 mm<\/td><td>16.0 kg<\/td><td>23.0 kg<\/td><td>25.0 kg<\/td><td><\/td><\/tr><tr><td>1.20 mm<\/td><td>19.2 kg<\/td><td>27.6 kg<\/td><td>30.0 kg<\/td><td><\/td><\/tr><tr><td>1.50 mm<\/td><td>24.0 kg<\/td><td>34.5 kg<\/td><td>37.5 kg<\/td><td><\/td><\/tr><tr><td>2.00 mm<\/td><td>32.0 kg<\/td><td>46.0 kg<\/td><td>50.0 kg<\/td><td><\/td><\/tr><tr><td>2.50 mm<\/td><td>40.0 kg<\/td><td>57.6 kg<\/td><td>62.5 kg<\/td><td><\/td><\/tr><tr><td>3.00 mm<\/td><td>48.0 kg<\/td><td>69.1 kg<\/td><td>75.0 kg<\/td><td>216.0 kg<\/td><\/tr><tr><td>3.50 mm<\/td><td>56.0 kg<\/td><td>80.6 kg<\/td><td>87.5 kg<\/td><td>252.0 kg<\/td><\/tr><tr><td>4.00 mm<\/td><td>64.0 kg<\/td><td>92.2 kg<\/td><td>100.0 kg<\/td><td>288.0 kg<\/td><\/tr><tr><td>5.00 mm<\/td><td>80.0 kg<\/td><td>115.2 kg<\/td><td>125.0 kg<\/td><td>360.0 kg<\/td><\/tr><tr><td>6.00 mm<\/td><td>96.0 kg<\/td><td>138.2 kg<\/td><td>150.0 kg<\/td><td>432.0 kg<\/td><\/tr><tr><td>7.00 mm<\/td><td>112.0 kg<\/td><td>161.2 kg<\/td><td>175.0 kg<\/td><td>504.0 kg<\/td><\/tr><tr><td>8.00 mm<\/td><td>128.0 kg<\/td><td>184.3 kg<\/td><td>200.0 kg<\/td><td>576.0 kg<\/td><\/tr><tr><td>9.00 mm<\/td><td>144.0 kg<\/td><td>207.0 kg<\/td><td>225.0 kg<\/td><td>648.0 kg<\/td><\/tr><tr><td>10.00 mm<\/td><td>160.0 kg<\/td><td>230.0 kg<\/td><td>250.0 kg<\/td><td>720.0 kg<\/td><\/tr><tr><td>12.00 mm<\/td><td>192.0 kg<\/td><td>276.0 kg<\/td><td>300.0 kg<\/td><td>864.0 kg<\/td><\/tr><tr><td>13.00 mm<\/td><td>208.0 kg<\/td><td>299.0 kg<\/td><td>325.0 kg<\/td><td>936.0 kg<\/td><\/tr><tr><td>14.00 mm<\/td><td>224.0 kg<\/td><td>322.0 kg<\/td><td>350.0 kg<\/td><td>1008.0 kg<\/td><\/tr><tr><td>15.00 mm<\/td><td>240.0 kg<\/td><td>345.0 kg<\/td><td>375.0 kg<\/td><td>1080.0 kg<\/td><\/tr><tr><td>16.00 mm<\/td><td>256.0 kg<\/td><td>368.0 kg<\/td><td>400.0 kg<\/td><td>1152.0 kg<\/td><\/tr><tr><td>18.00 mm<\/td><td>288.0 kg<\/td><td>414.0 kg<\/td><td>450.0 kg<\/td><td>1296.0 kg<\/td><\/tr><tr><td>20.00 mm<\/td><td>320.0 kg<\/td><td>460.0 kg<\/td><td>500.0 kg<\/td><td>1440.0 kg<\/td><\/tr><tr><td>25.00 mm<\/td><td>400.0 kg<\/td><td>576.0 kg<\/td><td>625.0 kg<\/td><td>1800.0 kg<\/td><\/tr><tr><td>30.00 mm<\/td><td>480.0 kg<\/td><td>691.0 kg<\/td><td>750.0 kg<\/td><td>2160.0 kg<\/td><\/tr><tr><td>35.00 mm<\/td><td>560.0 kg<\/td><td>806.0 kg<\/td><td>875.0 kg<\/td><td>2520.0 kg<\/td><\/tr><tr><td>40.00 mm<\/td><td>640.0 kg<\/td><td>921.0 kg<\/td><td>1000.0 kg<\/td><td>2880.0 kg<\/td><\/tr><tr><td>50.00 mm<\/td><td>800.0 kg<\/td><td>1152.0 kg<\/td><td>1250.0 kg<\/td><td>3600.0 kg<\/td><\/tr><tr><td>60.00 mm<\/td><td>960.0 kg<\/td><td>1382.0 kg<\/td><td>1500.0 kg<\/td><td>4320.0 kg<\/td><\/tr><tr><td>70.00 mm<\/td><td>1120.0 kg<\/td><td>1612.0 kg<\/td><td>1750.0 kg<\/td><td>5040.0 kg<\/td><\/tr><tr><td>80.00 mm<\/td><td>1280.0 kg<\/td><td>1843.0 kg<\/td><td>2000.0 kg<\/td><td>5760.0 kg<\/td><\/tr><tr><td>90.00 mm<\/td><td>1440.0 kg<\/td><td>2073.0 kg<\/td><td>2250.0 kg<\/td><td>6480.0 kg<\/td><\/tr><tr><td>100.00 mm<\/td><td>1600.0 kg<\/td><td>2304.0 kg<\/td><td>2500.0 kg<\/td><td>7200.0 kg<\/td><\/tr><\/tbody><\/table><\/figure>\n\n\n\n<p><\/p>\n","protected":false},"excerpt":{"rendered":"<p>Levha sac a\u011f\u0131rl\u0131k hesaplama listesi \u00c7elik Sac Kal\u0131nl\u0131klar\u0131 Leva sac \u00f6l\u00e7\u00fcs\u00fc 1000&#215;2000 Leva sac \u00f6l\u00e7\u00fcs\u00fc 1200&#215;2400 Leva sac \u00f6l\u00e7\u00fcs\u00fc 1250&#215;2500 Leva sac \u00f6l\u00e7\u00fcs\u00fc 1500&#215;6000 0,40 mm 6.4 kg 9.2 kg 10.0 kg 0.50 mm 8.0 kg 11.5 kg 12.5 kg 0.60 mm 9.6 kg 13.8 kg 15.0 kg 0.70 mm 11.2 kg 16.1 kg 17.5 [&hellip;]<\/p>\n","protected":false},"author":1,"featured_media":751,"parent":17,"menu_order":0,"comment_status":"closed","ping_status":"closed","template":"","meta":{"om_disable_all_campaigns":false,"_mi_skip_tracking":false,"footnotes":""},"class_list":["post-1175","page","type-page","status-publish","has-post-thumbnail","hentry"],"aioseo_notices":[],"_links":{"self":[{"href":"http:\/\/www.bursaprofil.com.tr\/index.php?rest_route=\/wp\/v2\/pages\/1175","targetHints":{"allow":["GET"]}}],"collection":[{"href":"http:\/\/www.bursaprofil.com.tr\/index.php?rest_route=\/wp\/v2\/pages"}],"about":[{"href":"http:\/\/www.bursaprofil.com.tr\/index.php?rest_route=\/wp\/v2\/types\/page"}],"author":[{"embeddable":true,"href":"http:\/\/www.bursaprofil.com.tr\/index.php?rest_route=\/wp\/v2\/users\/1"}],"replies":[{"embeddable":true,"href":"http:\/\/www.bursaprofil.com.tr\/index.php?rest_route=%2Fwp%2Fv2%2Fcomments&post=1175"}],"version-history":[{"count":2,"href":"http:\/\/www.bursaprofil.com.tr\/index.php?rest_route=\/wp\/v2\/pages\/1175\/revisions"}],"predecessor-version":[{"id":1212,"href":"http:\/\/www.bursaprofil.com.tr\/index.php?rest_route=\/wp\/v2\/pages\/1175\/revisions\/1212"}],"up":[{"embeddable":true,"href":"http:\/\/www.bursaprofil.com.tr\/index.php?rest_route=\/wp\/v2\/pages\/17"}],"wp:featuredmedia":[{"embeddable":true,"href":"http:\/\/www.bursaprofil.com.tr\/index.php?rest_route=\/wp\/v2\/media\/751"}],"wp:attachment":[{"href":"http:\/\/www.bursaprofil.com.tr\/index.php?rest_route=%2Fwp%2Fv2%2Fmedia&parent=1175"}],"curies":[{"name":"wp","href":"https:\/\/api.w.org\/{rel}","templated":true}]}}