{"id":1177,"date":"2025-09-17T09:34:56","date_gmt":"2025-09-17T09:34:56","guid":{"rendered":"http:\/\/www.bursaprofil.com.tr\/?page_id=1177"},"modified":"2025-09-17T10:00:03","modified_gmt":"2025-09-17T10:00:03","slug":"kutu-profil-ve-boru-agirlik-olculeri","status":"publish","type":"page","link":"http:\/\/www.bursaprofil.com.tr\/?page_id=1177","title":{"rendered":"KUTU PROF\u0130L VE BORU A\u011eIRLIK \u00d6L\u00c7\u00dcLER\u0130"},"content":{"rendered":"\n<p><\/p>\n\n\n\n<p><\/p>\n\n\n\n<figure class=\"wp-block-table\"><table><tbody><tr><td colspan=\"12\"><strong>KARE PROF\u0130L A\u011eIRLIK CETVEL\u0130<\/strong><\/td><\/tr><tr><td rowspan=\"2\"><strong>\u00c7ap\u0131<\/strong><strong>(mm.)<\/strong><\/td><td colspan=\"11\"><\/td><\/tr><tr><td>0,70<\/td><td>0,80<\/td><td>0,90<\/td><td>1,00<\/td><td>1,20<\/td><td>1,50<\/td><td>2,00<\/td><td>2,50<\/td><td>3,00<\/td><td>4,00<\/td><td>5,00<\/td><\/tr><tr><td>10\u00d710<\/td><td><strong>0,204<\/strong><\/td><td><strong>0,231<\/strong><\/td><td><strong>0,257<\/strong><\/td><td><strong>0,282<\/strong><\/td><td><strong>0,338<\/strong><\/td><td><\/td><td><\/td><td><\/td><td><\/td><td><\/td><td><\/td><\/tr><tr><td>15\u00d715<\/td><td><strong>0,314<\/strong><\/td><td><strong>0,356<\/strong><\/td><td><strong>0,399<\/strong><\/td><td><strong>0,438<\/strong><\/td><td><strong>0,520<\/strong><\/td><td><strong>0,632<\/strong><\/td><td><\/td><td><\/td><td><\/td><td><\/td><td><\/td><\/tr><tr><td>20\u00d720<\/td><td><strong>0,424<\/strong><\/td><td><strong>0,482<\/strong><\/td><td><strong>0,539<\/strong><\/td><td><strong>0,595<\/strong><\/td><td><strong>0,708<\/strong><\/td><td><strong>0,868<\/strong><\/td><td><strong>1.120<\/strong><\/td><td><strong>1.510<\/strong><\/td><td><\/td><td><\/td><td><\/td><\/tr><tr><td>25\u00d725<\/td><td><strong>0,534<\/strong><\/td><td><strong>0,608<\/strong><\/td><td><strong>0,681<\/strong><\/td><td><strong>0,752<\/strong><\/td><td><strong>0,896<\/strong><\/td><td><strong>1.100<\/strong><\/td><td><strong>1.440<\/strong><\/td><td><strong>1.890<\/strong><\/td><td><strong>1.900<\/strong><\/td><td><\/td><td><\/td><\/tr><tr><td>30\u00d730<\/td><td><\/td><td><strong>0,733<\/strong><\/td><td><strong>0,822<\/strong><\/td><td><strong>0,909<\/strong><\/td><td><strong>1.085<\/strong><\/td><td><strong>1.340<\/strong><\/td><td><strong>1.750<\/strong><\/td><td><strong>2.150<\/strong><\/td><td><strong>2.390<\/strong><\/td><td><\/td><td><\/td><\/tr><tr><td>40\u00d740<\/td><td><\/td><td><\/td><td><\/td><td><strong>1.210<\/strong><\/td><td><strong>1.440<\/strong><\/td><td><strong>1.810<\/strong><\/td><td><strong>2.380<\/strong><\/td><td><strong>2.930<\/strong><\/td><td><strong>3.330<\/strong><\/td><td><strong>4.250<\/strong><\/td><td><\/td><\/tr><tr><td>50\u00d750<\/td><td><\/td><td><\/td><td><\/td><td><\/td><td><strong>1.820<\/strong><\/td><td><strong>2.280<\/strong><\/td><td><strong>3.010<\/strong><\/td><td><strong>3.720<\/strong><\/td><td><strong>4.280<\/strong><\/td><td><strong>5.510<\/strong><\/td><td><strong>6.560<\/strong><\/td><\/tr><tr><td>60\u00d760<\/td><td><\/td><td><\/td><td><\/td><td><\/td><td><\/td><td><strong>2.750<\/strong><\/td><td><strong>3.640<\/strong><\/td><td><strong>4.500<\/strong><\/td><td><strong>5.520<\/strong><\/td><td><strong>6.760<\/strong><\/td><td><strong>8.130<\/strong><\/td><\/tr><tr><td>70\u00d770<\/td><td><\/td><td><\/td><td><\/td><td><\/td><td><\/td><td><strong>3.230<\/strong><\/td><td><strong>4.260<\/strong><\/td><td><strong>5.290<\/strong><\/td><td><strong>6.160<\/strong><\/td><td><strong>8.020<\/strong><\/td><td><strong>9.700<\/strong><\/td><\/tr><tr><td>80\u00d780<\/td><td><\/td><td><\/td><td><\/td><td><\/td><td><\/td><td><\/td><td><strong>4.890<\/strong><\/td><td><strong>6.070<\/strong><\/td><td><strong>7.100<\/strong><\/td><td><strong>9.280<\/strong><\/td><td><strong>11.300<\/strong><\/td><\/tr><tr><td>90\u00d790<\/td><td><\/td><td><\/td><td><\/td><td><\/td><td><\/td><td><\/td><td><strong>5.520<\/strong><\/td><td><strong>6.860<\/strong><\/td><td><strong>8.040<\/strong><\/td><td><strong>10.500<\/strong><\/td><td><strong>12.800<\/strong><\/td><\/tr><tr><td>100\u00d7100<\/td><td><\/td><td><\/td><td><\/td><td><\/td><td><\/td><td><\/td><td><strong>6.150<\/strong><\/td><td><strong>7.640<\/strong><\/td><td><strong>8.990<\/strong><\/td><td><strong>11.800<\/strong><\/td><td><strong>14.400<\/strong><\/td><\/tr><tr><td>120\u00d7120<\/td><td><\/td><td><\/td><td><\/td><td><\/td><td><\/td><td><\/td><td><\/td><td><\/td><td><strong>11.100<\/strong><\/td><td><strong>14.100<\/strong><\/td><td><strong>17.400<\/strong><\/td><\/tr><tr><td>125\u00d7125<\/td><td><\/td><td><\/td><td><\/td><td><\/td><td><\/td><td><\/td><td><\/td><td><\/td><td><strong>11.500<\/strong><\/td><td><strong>15.000<\/strong><\/td><td><strong>18.060<\/strong><\/td><\/tr><tr><td>150\u00d7150<\/td><td><\/td><td><\/td><td><\/td><td><\/td><td><\/td><td><\/td><td><\/td><td><\/td><td><strong>13.900<\/strong><\/td><td><strong>18.120<\/strong><\/td><td><strong>21.350<\/strong><\/td><\/tr><\/tbody><\/table><\/figure>\n\n\n\n<figure class=\"wp-block-table\"><table><tbody><tr><td colspan=\"12\"><strong>D\u0130KD\u00d6RTGEN PROF\u0130L A\u011eIRLIK CETVEL\u0130<\/strong><\/td><\/tr><tr><td rowspan=\"2\"><strong>\u00c7ap\u0131<\/strong><strong>(mm.)<\/strong><\/td><td colspan=\"11\"><\/td><\/tr><tr><td>0,70<\/td><td>0,80<\/td><td>0,90<\/td><td>1,00<\/td><td>1,20<\/td><td>1,50<\/td><td>2,00<\/td><td>2,50<\/td><td>3,00<\/td><td>4,00<\/td><td>5,00<\/td><\/tr><tr><td>10\u00d720<\/td><td><strong>0,314<\/strong><\/td><td><strong>0,356<\/strong><\/td><td><strong>0,399<\/strong><\/td><td><strong>0,438<\/strong><\/td><td><strong>0,520<\/strong><\/td><td><strong>0,632<\/strong><\/td><td><\/td><td><\/td><td><\/td><td><\/td><td><\/td><\/tr><tr><td><strong>10\u00d730<\/strong><\/td><td><strong>0,424<\/strong><\/td><td><strong>0,482<\/strong><\/td><td><strong>0,539<\/strong><\/td><td><strong>0,595<\/strong><\/td><td><strong>0,708<\/strong><\/td><td><strong>0,868<\/strong><\/td><td><strong>1.120<\/strong><\/td><td><\/td><td><\/td><td><\/td><td><\/td><\/tr><tr><td><strong>15\u00d725<\/strong><\/td><td><strong>0,424<\/strong><\/td><td><strong>0,482<\/strong><\/td><td><strong>0,539<\/strong><\/td><td><strong>0,595<\/strong><\/td><td><strong>0,708<\/strong><\/td><td><strong>0,868<\/strong><\/td><td><strong>1.120<\/strong><\/td><td><\/td><td><\/td><td><\/td><td><\/td><\/tr><tr><td><strong>20\u00d730<\/strong><\/td><td><strong>0,534<\/strong><\/td><td><strong>0,608<\/strong><\/td><td><strong>0,681<\/strong><\/td><td><strong>0,752<\/strong><\/td><td><strong>0,896<\/strong><\/td><td><strong>1.100<\/strong><\/td><td><strong>1.440<\/strong><\/td><td><strong>1.890<\/strong><\/td><td><\/td><td><\/td><td><\/td><\/tr><tr><td><strong>20\u00d740<\/strong><\/td><td><strong>0,641<\/strong><\/td><td><strong>0,733<\/strong><\/td><td><strong>0,822<\/strong><\/td><td><strong>0,909<\/strong><\/td><td><strong>1.085<\/strong><\/td><td><strong>1.340<\/strong><\/td><td><strong>1.750<\/strong><\/td><td><strong>2.150<\/strong><\/td><td><strong>2.390<\/strong><\/td><td><\/td><td><\/td><\/tr><tr><td><strong>20\u00d750<\/strong><\/td><td><\/td><td><\/td><td><strong>0,957<\/strong><\/td><td><strong>1.070<\/strong><\/td><td><strong>1.270<\/strong><\/td><td><strong>.570<\/strong><\/td><td><strong>2.070<\/strong><\/td><td><strong>2.540<\/strong><\/td><td><strong>2.860<\/strong><\/td><td><\/td><td><\/td><\/tr><tr><td><strong>25\u00d740<\/strong><\/td><td><\/td><td><\/td><td><strong>0,890<\/strong><\/td><td><strong>0,990<\/strong><\/td><td><strong>1.180<\/strong><\/td><td><strong>1.460<\/strong><\/td><td><strong>1.910<\/strong><\/td><td><strong>2.340<\/strong><\/td><td><strong>2.630<\/strong><\/td><td><\/td><td><\/td><\/tr><tr><td><strong>25\u00d750<\/strong><\/td><td><\/td><td><\/td><td><strong>1.040<\/strong><\/td><td><strong>1.130<\/strong><\/td><td><strong>1.340<\/strong><\/td><td><strong>1.690<\/strong><\/td><td><strong>2.220<\/strong><\/td><td><strong>2.740<\/strong><\/td><td><strong>3.100<\/strong><\/td><td><\/td><td><\/td><\/tr><tr><td><strong>30\u00d740<\/strong><\/td><td><\/td><td><\/td><td><strong>0,957<\/strong><\/td><td><strong>1.070<\/strong><\/td><td><strong>1.270<\/strong><\/td><td><strong>1.570<\/strong><\/td><td><strong>2.070<\/strong><\/td><td><strong>2.540<\/strong><\/td><td><strong>2.860<\/strong><\/td><td><\/td><td><\/td><\/tr><tr><td><strong>30\u00d750<\/strong><\/td><td><\/td><td><\/td><td><\/td><td><strong>1.210<\/strong><\/td><td><strong>1.440<\/strong><\/td><td><strong>1.810<\/strong><\/td><td><strong>2.380<\/strong><\/td><td><strong>2.930<\/strong><\/td><td><strong>3.330<\/strong><\/td><td><strong>4.250<\/strong><\/td><td><\/td><\/tr><tr><td><strong>30\u00d760<\/strong><\/td><td><\/td><td><\/td><td><\/td><td><\/td><td><strong>1.640<\/strong><\/td><td><strong>2.050<\/strong><\/td><td><strong>2.690<\/strong><\/td><td><strong>3.330<\/strong><\/td><td><strong>3.800<\/strong><\/td><td><strong>4.890<\/strong><\/td><td><\/td><\/tr><tr><td><strong>30\u00d770<\/strong><\/td><td><\/td><td><\/td><td><\/td><td><\/td><td><strong>1.810<\/strong><\/td><td><strong>2.280<\/strong><\/td><td><strong>3.010<\/strong><\/td><td><strong>3.720<\/strong><\/td><td><strong>4.280<\/strong><\/td><td><strong>5.510<\/strong><\/td><td><\/td><\/tr><tr><td><strong>40\u00d750<\/strong><\/td><td><\/td><td><\/td><td><\/td><td><\/td><td><strong>1.640<\/strong><\/td><td><strong>2.050<\/strong><\/td><td><strong>2.690<\/strong><\/td><td><strong>3.330<\/strong><\/td><td><strong>3.800<\/strong><\/td><td><strong>4.890<\/strong><\/td><td><\/td><\/tr><tr><td><strong>40\u00d760<\/strong><\/td><td><\/td><td><\/td><td><\/td><td><\/td><td><strong>1.810<\/strong><\/td><td><strong>2.280<\/strong><\/td><td><strong>3.010<\/strong><\/td><td><strong>3.720<\/strong><\/td><td><strong>4.280<\/strong><\/td><td><strong>5.510<\/strong><\/td><td><\/td><\/tr><tr><td><strong>40\u00d780<\/strong><\/td><td><\/td><td><\/td><td><\/td><td><\/td><td><\/td><td><strong>2.750<\/strong><\/td><td><strong>3.640<\/strong><\/td><td><strong>4.500<\/strong><\/td><td><strong>5.520<\/strong><\/td><td><strong>6.760<\/strong><\/td><td><strong>8.130<\/strong><\/td><\/tr><tr><td><strong>40\u00d7100<\/strong><\/td><td><\/td><td><\/td><td><\/td><td><\/td><td><\/td><td><strong>3.230<\/strong><\/td><td><strong>4.260<\/strong><\/td><td><strong>5.290<\/strong><\/td><td><strong>6.160<\/strong><\/td><td><strong>8.020<\/strong><\/td><td><strong>9.700<\/strong><\/td><\/tr><tr><td>50\u00d770<\/td><td><\/td><td><\/td><td><\/td><td><\/td><td><\/td><td><strong>2.750<\/strong><\/td><td><strong>3.640<\/strong><\/td><td><strong>4.500<\/strong><\/td><td><strong>5.220<\/strong><\/td><td><strong>6.760<\/strong><\/td><td><strong>8.130<\/strong><\/td><\/tr><tr><td>50\u00d790<\/td><td><\/td><td><\/td><td><\/td><td><\/td><td><\/td><td><\/td><td><strong>4.260<\/strong><\/td><td><strong>5.290<\/strong><\/td><td><strong>6.160<\/strong><\/td><td><strong>8.020<\/strong><\/td><td><strong>9.700<\/strong><\/td><\/tr><tr><td>50\u00d7100<\/td><td><\/td><td><\/td><td><\/td><td><\/td><td><\/td><td><\/td><td><strong>4.580<\/strong><\/td><td><strong>5.680<\/strong><\/td><td><strong>6.630<\/strong><\/td><td><strong>8.650<\/strong><\/td><td><strong>10.500<\/strong><\/td><\/tr><tr><td>50\u00d7150<\/td><td><\/td><td><\/td><td><\/td><td><\/td><td><\/td><td><\/td><td><strong>6.150<\/strong><\/td><td><strong>7.640<\/strong><\/td><td><strong>8.990<\/strong><\/td><td><strong>11.800<\/strong><\/td><td><strong>14.400<\/strong><\/td><\/tr><tr><td>60\u00d780<\/td><td><\/td><td><\/td><td><\/td><td><\/td><td><\/td><td><\/td><td><strong>4.260<\/strong><\/td><td><strong>5.290<\/strong><\/td><td><strong>5.220<\/strong><\/td><td><strong>6.760<\/strong><\/td><td><strong>8.130<\/strong><\/td><\/tr><tr><td>60\u00d7100<\/td><td><\/td><td><\/td><td><\/td><td><\/td><td><\/td><td><\/td><td><strong>4.890<\/strong><\/td><td><strong>6.070<\/strong><\/td><td><strong>7.100<\/strong><\/td><td><strong>9.280<\/strong><\/td><td><strong>11.300<\/strong><\/td><\/tr><tr><td>60\u00d7120<\/td><td><\/td><td><\/td><td><\/td><td><\/td><td><\/td><td><\/td><td><strong>5.520<\/strong><\/td><td><strong>6.860<\/strong><\/td><td><strong>8.040<\/strong><\/td><td><strong>10.500<\/strong><\/td><td><strong>12.800<\/strong><\/td><\/tr><tr><td>80\u00d7100<\/td><td><\/td><td><\/td><td><\/td><td><\/td><td><\/td><td><\/td><td><strong>5.520<\/strong><\/td><td><strong>6.860<\/strong><\/td><td><strong>8.040<\/strong><\/td><td><strong>10.500<\/strong><\/td><td><strong>12.800<\/strong><\/td><\/tr><tr><td>80\u00d7120<\/td><td><\/td><td><\/td><td><\/td><td><\/td><td><\/td><td><\/td><td><strong>6.150<\/strong><\/td><td><strong>7.640<\/strong><\/td><td><strong>8.990<\/strong><\/td><td><strong>11.800<\/strong><\/td><td><strong>14.400<\/strong><\/td><\/tr><tr><td>80\u00d7140<\/td><td><\/td><td><\/td><td><\/td><td><\/td><td><\/td><td><\/td><td><strong>6.800<\/strong><\/td><td><strong>8.560<\/strong><\/td><td><strong>10.190<\/strong><\/td><td><strong>13.100<\/strong><\/td><td><strong>16.000<\/strong><\/td><\/tr><tr><td>100\u00d7120<\/td><td><\/td><td><\/td><td><\/td><td><\/td><td><\/td><td><\/td><td><strong>6.800<\/strong><\/td><td><strong>8.560<\/strong><\/td><td><strong>10.190<\/strong><\/td><td><strong>13.100<\/strong><\/td><td><strong>16.000<\/strong><\/td><\/tr><tr><td>100\u00d7150<\/td><td><\/td><td><\/td><td><\/td><td><\/td><td><\/td><td><\/td><td><\/td><td><\/td><td><strong>11.500<\/strong><\/td><td><strong>15.000<\/strong><\/td><td><strong>18.060<\/strong><\/td><\/tr><tr><td><strong>100\u00d7200<\/strong><\/td><td><\/td><td><\/td><td><\/td><td><\/td><td><\/td><td><\/td><td><\/td><td><\/td><td><strong>13.900<\/strong><\/td><td><strong>18.120<\/strong><\/td><td><strong>21.350<\/strong><\/td><\/tr><\/tbody><\/table><\/figure>\n\n\n\n<figure class=\"wp-block-table\"><table><tbody><tr><td colspan=\"12\"><strong>SANAY\u0130 BORULARI A\u011eIRLIK CETVEL\u0130<\/strong><\/td><\/tr><tr><td rowspan=\"2\"><strong>\u00c7ap\u0131<\/strong><strong>(mm.)<\/strong><\/td><td colspan=\"11\"><\/td><\/tr><tr><td>0,70<\/td><td>0,80<\/td><td>0,90<\/td><td>1,00<\/td><td>1,20<\/td><td>1,50<\/td><td>2,00<\/td><td>2,50<\/td><td>3,00<\/td><td>4,00<\/td><td>5,00<\/td><\/tr><tr><td><strong>10<\/strong><\/td><td><strong>0,160<\/strong><\/td><td><strong>0,180<\/strong><\/td><td>0,200<\/td><td><strong>0,220<\/strong><\/td><td><\/td><td><\/td><td><\/td><td><\/td><td><\/td><td><\/td><td><\/td><\/tr><tr><td><strong>13<\/strong><\/td><td><strong>0,212<\/strong><\/td><td><strong>0,240<\/strong><\/td><td>0,269<\/td><td><strong>0,296<\/strong><\/td><td><strong>0,349<\/strong><\/td><td><strong>0,425<\/strong><\/td><td><\/td><td><\/td><td><\/td><td><\/td><td><\/td><\/tr><tr><td><strong>16<\/strong><\/td><td><strong>0,264<\/strong><\/td><td><strong>0,300<\/strong><\/td><td>0,335<\/td><td><strong>0,370<\/strong><\/td><td><strong>0,438<\/strong><\/td><td><strong>0,536<\/strong><\/td><td><strong>0,691<\/strong><\/td><td><\/td><td><\/td><td><\/td><td><\/td><\/tr><tr><td><strong>17<\/strong><\/td><td><strong>0,281<\/strong><\/td><td><strong>0,320<\/strong><\/td><td><strong>0,357<\/strong><\/td><td><strong>0,395<\/strong><\/td><td><strong>0,468<\/strong><\/td><td><strong>0,573<\/strong><\/td><td><strong>0,740<\/strong><\/td><td><\/td><td><\/td><td><\/td><td><\/td><\/tr><tr><td><strong>19<\/strong><\/td><td><strong>0,316<\/strong><\/td><td><strong>0,359<\/strong><\/td><td><strong>0,402<\/strong><\/td><td><strong>0,444<\/strong><\/td><td><strong>0,527<\/strong><\/td><td><strong>0,647<\/strong><\/td><td><strong>0,838<\/strong><\/td><td><\/td><td><\/td><td><\/td><td><\/td><\/tr><tr><td><strong>21<\/strong><\/td><td><strong>0,350<\/strong><\/td><td><strong>0,399<\/strong><\/td><td><strong>0,447<\/strong><\/td><td><strong>0,493<\/strong><\/td><td><strong>0,586<\/strong><\/td><td><strong>0,721<\/strong><\/td><td><strong>0,937<\/strong><\/td><td><strong>1.141<\/strong><\/td><td><\/td><td><\/td><td><\/td><\/tr><tr><td><strong>22<\/strong><\/td><td><strong>0,367<\/strong><\/td><td><strong>0,418<\/strong><\/td><td><strong>0,469<\/strong><\/td><td><strong>0,513<\/strong><\/td><td><strong>0,616<\/strong><\/td><td><strong>0,758<\/strong><\/td><td><strong>0,986<\/strong><\/td><td><strong>1.200<\/strong><\/td><td><\/td><td><\/td><td><\/td><\/tr><tr><td><strong>25<\/strong><\/td><td><strong>0,419<\/strong><\/td><td><strong>0,477<\/strong><\/td><td><strong>0534<\/strong><\/td><td><strong>0,592<\/strong><\/td><td><strong>0,704<\/strong><\/td><td><strong>0,869<\/strong><\/td><td><strong>1.130<\/strong><\/td><td><strong>1.390<\/strong><\/td><td><strong>1.630<\/strong><\/td><td><\/td><td><\/td><\/tr><tr><td><strong>27<\/strong><\/td><td><strong>0,452<\/strong><\/td><td><strong>0,523<\/strong><\/td><td><strong>0,581<\/strong><\/td><td><strong>0,642<\/strong><\/td><td><strong>0,761<\/strong><\/td><td><strong>0,943<\/strong><\/td><td><strong>1.228<\/strong><\/td><td><strong>1.504<\/strong><\/td><td><strong>1.768<\/strong><\/td><td><\/td><td><\/td><\/tr><tr><td><strong>28<\/strong><\/td><td><strong>0,470<\/strong><\/td><td><strong>0,546<\/strong><\/td><td><strong>0,601<\/strong><\/td><td><strong>0,666<\/strong><\/td><td><strong>0,793<\/strong><\/td><td><strong>0,980<\/strong><\/td><td><strong>1.282<\/strong><\/td><td><strong>1.570<\/strong><\/td><td><strong>1.849<\/strong><\/td><td><\/td><td><\/td><\/tr><tr><td><strong>32<\/strong><\/td><td><strong>0,540<\/strong><\/td><td><strong>0,615<\/strong><\/td><td><strong>0,691<\/strong><\/td><td><strong>0,765<\/strong><\/td><td><strong>0,911<\/strong><\/td><td><strong>1.135<\/strong><\/td><td><strong>1.484<\/strong><\/td><td><strong>1.820<\/strong><\/td><td><strong>2.150<\/strong><\/td><td><\/td><td><\/td><\/tr><tr><td><strong>34<\/strong><\/td><td><strong>0,570<\/strong><\/td><td><strong>0,650<\/strong><\/td><td><strong>0,730<\/strong><\/td><td><strong>0,800<\/strong><\/td><td><strong>0,960<\/strong><\/td><td><strong>1.190<\/strong><\/td><td><strong>1.560<\/strong><\/td><td><strong>1.924<\/strong><\/td><td><strong>2.271<\/strong><\/td><td><\/td><td><\/td><\/tr><tr><td><strong>38<\/strong><\/td><td><\/td><td><strong>0,730<\/strong><\/td><td><strong>0,823<\/strong><\/td><td><strong>0,912<\/strong><\/td><td><strong>1.090<\/strong><\/td><td><strong>1.350<\/strong><\/td><td><strong>1.780<\/strong><\/td><td><strong>2.190<\/strong><\/td><td><strong>2.590<\/strong><\/td><td><strong>3.350<\/strong><\/td><td><\/td><\/tr><tr><td><strong>42<\/strong><\/td><td><\/td><td><\/td><td><\/td><td><strong>1.120<\/strong><\/td><td><strong>1.207<\/strong><\/td><td><strong>1.498<\/strong><\/td><td><strong>1.973<\/strong><\/td><td><strong>2.435<\/strong><\/td><td><strong>2.885<\/strong><\/td><td><strong>3.748<\/strong><\/td><td><\/td><\/tr><tr><td><strong>45<\/strong><\/td><td><\/td><td><\/td><td><\/td><td><strong>1.090<\/strong><\/td><td><strong>1.300<\/strong><\/td><td><strong>1.610<\/strong><\/td><td><strong>2.120<\/strong><\/td><td><strong>2.620<\/strong><\/td><td><strong>3.110<\/strong><\/td><td><strong>4.040<\/strong><\/td><td><\/td><\/tr><tr><td><strong>48<\/strong><\/td><td><\/td><td><\/td><td><\/td><td><strong>1.160<\/strong><\/td><td><strong>1.385<\/strong><\/td><td><strong>1.720<\/strong><\/td><td><strong>2.269<\/strong><\/td><td><strong>2.800<\/strong><\/td><td><strong>3.330<\/strong><\/td><td><strong>4.340<\/strong><\/td><td><\/td><\/tr><tr><td><strong>51<\/strong><\/td><td><\/td><td><\/td><td><\/td><td><strong>1.230<\/strong><\/td><td><strong>1.474<\/strong><\/td><td><strong>1.831<\/strong><\/td><td><strong>2.417<\/strong><\/td><td><strong>2.990<\/strong><\/td><td><strong>3.550<\/strong><\/td><td><strong>4.636<\/strong><\/td><td><\/td><\/tr><tr><td><strong>57<\/strong><\/td><td><\/td><td><\/td><td><\/td><td><\/td><td><strong>1.651<\/strong><\/td><td><strong>2.053<\/strong><\/td><td><strong>2.713<\/strong><\/td><td><strong>3.360<\/strong><\/td><td><strong>3.990<\/strong><\/td><td><strong>5.227<\/strong><\/td><td><\/td><\/tr><tr><td><strong>60<\/strong><\/td><td><\/td><td><\/td><td><\/td><td><\/td><td><strong>1.740<\/strong><\/td><td><strong>2.160<\/strong><\/td><td><strong>2.860<\/strong><\/td><td><strong>3.550<\/strong><\/td><td><strong>4.220<\/strong><\/td><td><strong>5.520<\/strong><\/td><td><strong>6.780<\/strong><\/td><\/tr><tr><td><strong>63<\/strong><\/td><td><\/td><td><\/td><td><\/td><td><\/td><td><strong>1.830<\/strong><\/td><td><strong>2.270<\/strong><\/td><td><strong>3.000<\/strong><\/td><td><strong>3.730<\/strong><\/td><td><strong>4.440<\/strong><\/td><td><strong>5.820<\/strong><\/td><td><strong>7.151<\/strong><\/td><\/tr><tr><td><strong>76<\/strong><\/td><td><\/td><td><\/td><td><\/td><td><\/td><td><\/td><td><strong>2.755<\/strong><\/td><td><strong>3.648<\/strong><\/td><td><strong>4.530<\/strong><\/td><td><strong>5.398<\/strong><\/td><td><strong>7.100<\/strong><\/td><td><strong>8.750<\/strong><\/td><\/tr><tr><td><strong>89<\/strong><\/td><td><\/td><td><\/td><td><\/td><td><\/td><td><\/td><td><strong>3.270<\/strong><\/td><td><strong>4.290<\/strong><\/td><td><strong>5.330<\/strong><\/td><td><strong>6.360<\/strong><\/td><td><strong>8.370<\/strong><\/td><td><strong>10.300<\/strong><\/td><\/tr><tr><td><strong>100<\/strong><\/td><td><\/td><td><\/td><td><\/td><td><\/td><td><\/td><td><strong>3.640<\/strong><\/td><td><strong>4.830<\/strong><\/td><td><strong>6.010<\/strong><\/td><td><strong>7.180<\/strong><\/td><td><strong>9.470<\/strong><\/td><td><strong>11.700<\/strong><\/td><\/tr><tr><td><strong>114<\/strong><\/td><td><\/td><td><\/td><td><\/td><td><\/td><td><\/td><td><\/td><td><strong>5.520<\/strong><\/td><td><strong>6.870<\/strong><\/td><td><strong>8.210<\/strong><\/td><td><strong>10.900<\/strong><\/td><td><strong>13.400<\/strong><\/td><\/tr><tr><td><strong>139<\/strong><\/td><td><\/td><td><\/td><td><\/td><td><\/td><td><\/td><td><\/td><td><strong>6.760<\/strong><\/td><td><strong>8.420<\/strong><\/td><td><strong>10.060<\/strong><\/td><td><strong>13.310<\/strong><\/td><td><strong>16.520<\/strong><\/td><\/tr><tr><td>168<\/td><td><\/td><td><\/td><td><\/td><td><\/td><td><\/td><td><\/td><td><\/td><td><\/td><td><strong>12.210<\/strong><\/td><td><strong>16.180<\/strong><\/td><td><strong>20.090<\/strong><\/td><\/tr><\/tbody><\/table><\/figure>\n\n\n\n<figure class=\"wp-block-table\"><table><tbody><tr><td colspan=\"5\"><strong>TES\u0130SAT BORULARI A\u011eIRLIK CETVEL\u0130<\/strong><\/td><\/tr><tr><td rowspan=\"2\"><strong>D\u0131\u015f \u00c7ap<\/strong><strong>(in\u00e7.)<\/strong><\/td><td rowspan=\"2\"><strong>D\u0131\u015f \u00c7ap<\/strong><strong>(mm.)<\/strong><\/td><td rowspan=\"2\"><strong>Et Kal\u0131nl\u0131\u011f\u0131<\/strong><strong>(mm.)<\/strong><\/td><td colspan=\"2\"><strong>Metre A\u011f\u0131rl\u0131\u011f\u0131<\/strong><strong>(Kg.\/Mt.)<\/strong><\/td><\/tr><tr><td>Galvaniz<\/td><td>Siyah<\/td><\/tr><tr><td>1\/2<strong>\u201c<\/strong><\/td><td><strong>21,3<\/strong><\/td><td><strong>2,65<\/strong><\/td><td><strong>1.300<\/strong><\/td><td><strong>1.220<\/strong><\/td><\/tr><tr><td>3\/4<strong>\u201c<\/strong><\/td><td><strong>26,9<\/strong><\/td><td><strong>2,65<\/strong><\/td><td><strong>1.680<\/strong><\/td><td><strong>1.580<\/strong><\/td><\/tr><tr><td>1<strong>\u201c<\/strong><\/td><td><strong>33,7<\/strong><\/td><td><strong>3,25<\/strong><\/td><td><strong>2.570<\/strong><\/td><td><strong>2.440<\/strong><\/td><\/tr><tr><td><strong>1<\/strong>1\/4<strong>\u201c<\/strong><\/td><td><strong>42,4<\/strong><\/td><td><strong>3,25<\/strong><\/td><td><strong>3.310<\/strong><\/td><td><strong>3.140<\/strong><\/td><\/tr><tr><td><strong>1<\/strong>1\/2<strong>\u201c<\/strong><\/td><td><strong>48,3<\/strong><\/td><td><strong>3,25<\/strong><\/td><td><strong>3.810<\/strong><\/td><td><strong>3.610<\/strong><\/td><\/tr><tr><td><strong>2\u2033<\/strong><\/td><td><strong>60,3<\/strong><\/td><td><strong>3,65<\/strong><\/td><td><strong>5.370<\/strong><\/td><td><strong>5.100<\/strong><\/td><\/tr><tr><td><strong>2<\/strong>1\/2<strong>\u201c<\/strong><\/td><td><strong>76,1<\/strong><\/td><td><strong>3,65<\/strong><\/td><td><strong>6.890<\/strong><\/td><td><strong>6.510<\/strong><\/td><\/tr><tr><td><strong>3\u2033<\/strong><\/td><td><strong>88,9<\/strong><\/td><td><strong>4,05<\/strong><\/td><td><strong>8.940<\/strong><\/td><td><strong>8.470<\/strong><\/td><\/tr><tr><td><strong>4\u2033<\/strong><\/td><td><strong>114,3<\/strong><\/td><td><strong>4,50<\/strong><\/td><td><strong>12.790<\/strong><\/td><td><strong>12.100<\/strong><\/td><\/tr><tr><td><strong>5\u2033<\/strong><\/td><td><strong>139,7<\/strong><\/td><td><strong>4,85<\/strong><\/td><td><strong>16.500<\/strong><\/td><td><strong>16.200<\/strong><\/td><\/tr><tr><td><strong>6\u2033<\/strong><\/td><td><strong>165,1<\/strong><\/td><td><strong>4,85<\/strong><\/td><td><strong>19.500<\/strong><\/td><td><strong>19.200<\/strong><\/td><\/tr><tr><td><strong>8\u2033<\/strong><\/td><td><strong>219,1<\/strong><\/td><td><strong>5,00<\/strong><\/td><td><strong>27.200<\/strong><\/td><td><strong>26.400<\/strong><\/td><\/tr><tr><td><strong>10\u2033<\/strong><\/td><td><strong>273,0<\/strong><\/td><td><strong>5,60<\/strong><\/td><td><strong>37.300<\/strong><\/td><td><strong>36.900<\/strong><\/td><\/tr><tr><td><strong>12\u2033<\/strong><\/td><td><strong>323,9<\/strong><\/td><td><strong>6,30<\/strong><\/td><td><strong>49.700<\/strong><\/td><td><strong>49.300<\/strong><\/td><\/tr><\/tbody><\/table><\/figure>\n","protected":false},"excerpt":{"rendered":"<p>KARE PROF\u0130L A\u011eIRLIK CETVEL\u0130 \u00c7ap\u0131(mm.) 0,70 0,80 0,90 1,00 1,20 1,50 2,00 2,50 3,00 4,00 5,00 10\u00d710 0,204 0,231 0,257 0,282 0,338 15\u00d715 0,314 0,356 0,399 0,438 0,520 0,632 20\u00d720 0,424 0,482 0,539 0,595 0,708 0,868 1.120 1.510 25\u00d725 0,534 0,608 0,681 0,752 0,896 1.100 1.440 1.890 1.900 30\u00d730 0,733 0,822 0,909 1.085 1.340 1.750 [&hellip;]<\/p>\n","protected":false},"author":1,"featured_media":732,"parent":17,"menu_order":0,"comment_status":"closed","ping_status":"closed","template":"","meta":{"om_disable_all_campaigns":false,"_mi_skip_tracking":false,"footnotes":""},"class_list":["post-1177","page","type-page","status-publish","has-post-thumbnail","hentry"],"aioseo_notices":[],"_links":{"self":[{"href":"http:\/\/www.bursaprofil.com.tr\/index.php?rest_route=\/wp\/v2\/pages\/1177","targetHints":{"allow":["GET"]}}],"collection":[{"href":"http:\/\/www.bursaprofil.com.tr\/index.php?rest_route=\/wp\/v2\/pages"}],"about":[{"href":"http:\/\/www.bursaprofil.com.tr\/index.php?rest_route=\/wp\/v2\/types\/page"}],"author":[{"embeddable":true,"href":"http:\/\/www.bursaprofil.com.tr\/index.php?rest_route=\/wp\/v2\/users\/1"}],"replies":[{"embeddable":true,"href":"http:\/\/www.bursaprofil.com.tr\/index.php?rest_route=%2Fwp%2Fv2%2Fcomments&post=1177"}],"version-history":[{"count":1,"href":"http:\/\/www.bursaprofil.com.tr\/index.php?rest_route=\/wp\/v2\/pages\/1177\/revisions"}],"predecessor-version":[{"id":1178,"href":"http:\/\/www.bursaprofil.com.tr\/index.php?rest_route=\/wp\/v2\/pages\/1177\/revisions\/1178"}],"up":[{"embeddable":true,"href":"http:\/\/www.bursaprofil.com.tr\/index.php?rest_route=\/wp\/v2\/pages\/17"}],"wp:featuredmedia":[{"embeddable":true,"href":"http:\/\/www.bursaprofil.com.tr\/index.php?rest_route=\/wp\/v2\/media\/732"}],"wp:attachment":[{"href":"http:\/\/www.bursaprofil.com.tr\/index.php?rest_route=%2Fwp%2Fv2%2Fmedia&parent=1177"}],"curies":[{"name":"wp","href":"https:\/\/api.w.org\/{rel}","templated":true}]}}