{"id":1181,"date":"2025-09-23T10:56:08","date_gmt":"2025-09-23T10:56:08","guid":{"rendered":"http:\/\/www.bursaprofil.com.tr\/?page_id=1181"},"modified":"2025-09-23T10:59:43","modified_gmt":"2025-09-23T10:59:43","slug":"baklavali-sac-agirlik-listesi-tam-liste","status":"publish","type":"page","link":"http:\/\/www.bursaprofil.com.tr\/?page_id=1181","title":{"rendered":"BAKLAVALI SAC A\u011eIRLIK L\u0130STES\u0130 &#8211; Tam liste"},"content":{"rendered":"\n<h2 class=\"wp-block-heading\" id=\"baklaval-sac-2025-fiyat-listesi\"><\/h2>\n\n\n\n<p>BAKLAVA SAC TABAKA K\u0130LOGRAMLARI&#8230; <\/p>\n\n\n\n<p><\/p>\n\n\n\n<figure class=\"wp-block-table\"><table><thead><tr><td>KALINLIK (MM)<\/td><td>EBAT (MM)<\/td><td>A\u011eIRLIK (KG)<\/td><\/tr><\/thead><tbody><tr><td>2\/3 MM<\/td><td>1000X2000 MM<\/td><td>42,00 KG<\/td><\/tr><tr><td>2\/3 MM<\/td><td>1250X2500 MM<\/td><td>63,00 KG<\/td><\/tr><tr><td>2\/3 MM<\/td><td>1500X3000 MM<\/td><td>90,00 KG<\/td><\/tr><tr><td>3\/4 MM<\/td><td>1000X2000 MM<\/td><td>54,00 KG<\/td><\/tr><tr><td>3\/4 MM<\/td><td>1250X2500 MM<\/td><td>87,00 KG<\/td><\/tr><tr><td>3\/4 MM<\/td><td>1500X3000 MM<\/td><td>126,00 KG<\/td><\/tr><tr><td>4\/5 MM<\/td><td>1000X2000 MM<\/td><td>68,00 KG<\/td><\/tr><tr><td>4\/5 MM<\/td><td>1250X2500 MM<\/td><td>113,00 KG<\/td><\/tr><tr><td>4\/5 MM<\/td><td>1500X3000 MM<\/td><td>162,00 KG<\/td><\/tr><tr><td>5\/6 MM<\/td><td>1000X2000 MM<\/td><td>87,00 KG<\/td><\/tr><tr><td>5\/6 MM<\/td><td>1250X2500 MM<\/td><td>138,00 KG<\/td><\/tr><tr><td>5\/6 MM<\/td><td>1500X3000 MM<\/td><td>198,00 KG<\/td><\/tr><\/tbody><\/table><\/figure>\n","protected":false},"excerpt":{"rendered":"<p>BAKLAVA SAC TABAKA K\u0130LOGRAMLARI&#8230; KALINLIK (MM) EBAT (MM) A\u011eIRLIK (KG) 2\/3 MM 1000X2000 MM 42,00 KG 2\/3 MM 1250X2500 MM 63,00 KG 2\/3 MM 1500X3000 MM 90,00 KG 3\/4 MM 1000X2000 MM 54,00 KG 3\/4 MM 1250X2500 MM 87,00 KG 3\/4 MM 1500X3000 MM 126,00 KG 4\/5 MM 1000X2000 MM 68,00 KG 4\/5 MM 1250X2500 [&hellip;]<\/p>\n","protected":false},"author":1,"featured_media":0,"parent":17,"menu_order":0,"comment_status":"closed","ping_status":"closed","template":"","meta":{"om_disable_all_campaigns":false,"_mi_skip_tracking":false,"footnotes":""},"class_list":["post-1181","page","type-page","status-publish","hentry"],"aioseo_notices":[],"_links":{"self":[{"href":"http:\/\/www.bursaprofil.com.tr\/index.php?rest_route=\/wp\/v2\/pages\/1181","targetHints":{"allow":["GET"]}}],"collection":[{"href":"http:\/\/www.bursaprofil.com.tr\/index.php?rest_route=\/wp\/v2\/pages"}],"about":[{"href":"http:\/\/www.bursaprofil.com.tr\/index.php?rest_route=\/wp\/v2\/types\/page"}],"author":[{"embeddable":true,"href":"http:\/\/www.bursaprofil.com.tr\/index.php?rest_route=\/wp\/v2\/users\/1"}],"replies":[{"embeddable":true,"href":"http:\/\/www.bursaprofil.com.tr\/index.php?rest_route=%2Fwp%2Fv2%2Fcomments&post=1181"}],"version-history":[{"count":3,"href":"http:\/\/www.bursaprofil.com.tr\/index.php?rest_route=\/wp\/v2\/pages\/1181\/revisions"}],"predecessor-version":[{"id":1187,"href":"http:\/\/www.bursaprofil.com.tr\/index.php?rest_route=\/wp\/v2\/pages\/1181\/revisions\/1187"}],"up":[{"embeddable":true,"href":"http:\/\/www.bursaprofil.com.tr\/index.php?rest_route=\/wp\/v2\/pages\/17"}],"wp:attachment":[{"href":"http:\/\/www.bursaprofil.com.tr\/index.php?rest_route=%2Fwp%2Fv2%2Fmedia&parent=1181"}],"curies":[{"name":"wp","href":"https:\/\/api.w.org\/{rel}","templated":true}]}}