{"id":12,"date":"2015-01-13T17:52:03","date_gmt":"2015-01-13T17:52:03","guid":{"rendered":"http:\/\/demo.safirtema.com\/safirkurumsal\/?page_id=12"},"modified":"2024-06-26T12:58:48","modified_gmt":"2024-06-26T12:58:48","slug":"online-katalog","status":"publish","type":"page","link":"http:\/\/www.bursaprofil.com.tr\/?page_id=12","title":{"rendered":"Online Katalog"},"content":{"rendered":"\n<p>F\u0130RMAMIZDAN TEDAR\u0130K EDEB\u0130LECE\u011e\u0130N\u0130Z \u00dcR\u00dcNLER<\/p>\n\n\n\n<figure class=\"wp-block-image size-large\"><a href=\"http:\/\/www.bursaprofil.com.tr\/wp-content\/uploads\/2015\/01\/TASYUNU.png\"><img loading=\"lazy\" decoding=\"async\" width=\"465\" height=\"342\" src=\"http:\/\/www.bursaprofil.com.tr\/wp-content\/uploads\/2015\/01\/TASYUNU.png\" alt=\"\" class=\"wp-image-656\" srcset=\"http:\/\/www.bursaprofil.com.tr\/wp-content\/uploads\/2015\/01\/TASYUNU.png 465w, http:\/\/www.bursaprofil.com.tr\/wp-content\/uploads\/2015\/01\/TASYUNU-300x221.png 300w\" sizes=\"auto, (max-width: 465px) 100vw, 465px\" \/><\/a><\/figure>\n\n\n\n<figure class=\"wp-block-image size-large\"><a href=\"http:\/\/www.bursaprofil.com.tr\/wp-content\/uploads\/2015\/01\/tas-yunu-500x500-1.jpg\"><img loading=\"lazy\" decoding=\"async\" width=\"500\" height=\"500\" src=\"http:\/\/www.bursaprofil.com.tr\/wp-content\/uploads\/2015\/01\/tas-yunu-500x500-1.jpg\" alt=\"\" class=\"wp-image-655\" srcset=\"http:\/\/www.bursaprofil.com.tr\/wp-content\/uploads\/2015\/01\/tas-yunu-500x500-1.jpg 500w, http:\/\/www.bursaprofil.com.tr\/wp-content\/uploads\/2015\/01\/tas-yunu-500x500-1-300x300.jpg 300w, http:\/\/www.bursaprofil.com.tr\/wp-content\/uploads\/2015\/01\/tas-yunu-500x500-1-150x150.jpg 150w\" sizes=\"auto, (max-width: 500px) 100vw, 500px\" \/><\/a><\/figure>\n\n\n\n<figure class=\"wp-block-image size-large\"><a href=\"http:\/\/www.bursaprofil.com.tr\/wp-content\/uploads\/2015\/01\/mantolama_levhasi-TAS-YUNU.jpg\"><img loading=\"lazy\" decoding=\"async\" width=\"560\" height=\"420\" src=\"http:\/\/www.bursaprofil.com.tr\/wp-content\/uploads\/2015\/01\/mantolama_levhasi-TAS-YUNU.jpg\" alt=\"\" class=\"wp-image-654\" srcset=\"http:\/\/www.bursaprofil.com.tr\/wp-content\/uploads\/2015\/01\/mantolama_levhasi-TAS-YUNU.jpg 560w, http:\/\/www.bursaprofil.com.tr\/wp-content\/uploads\/2015\/01\/mantolama_levhasi-TAS-YUNU-300x225.jpg 300w\" sizes=\"auto, (max-width: 560px) 100vw, 560px\" \/><\/a><\/figure>\n\n\n\n<figure class=\"wp-block-image size-large\"><a href=\"http:\/\/www.bursaprofil.com.tr\/wp-content\/uploads\/2015\/01\/sandvic-panel.png\"><img loading=\"lazy\" decoding=\"async\" width=\"640\" height=\"480\" src=\"http:\/\/www.bursaprofil.com.tr\/wp-content\/uploads\/2015\/01\/sandvic-panel.png\" alt=\"\" class=\"wp-image-652\" srcset=\"http:\/\/www.bursaprofil.com.tr\/wp-content\/uploads\/2015\/01\/sandvic-panel.png 640w, http:\/\/www.bursaprofil.com.tr\/wp-content\/uploads\/2015\/01\/sandvic-panel-300x225.png 300w\" sizes=\"auto, (max-width: 640px) 100vw, 640px\" \/><\/a><\/figure>\n\n\n\n<figure class=\"wp-block-image size-large\"><a href=\"http:\/\/www.bursaprofil.com.tr\/wp-content\/uploads\/2015\/01\/kirmizi-sandvic-panel.jpg\"><img loading=\"lazy\" decoding=\"async\" width=\"433\" height=\"223\" src=\"http:\/\/www.bursaprofil.com.tr\/wp-content\/uploads\/2015\/01\/kirmizi-sandvic-panel.jpg\" alt=\"\" class=\"wp-image-650\" srcset=\"http:\/\/www.bursaprofil.com.tr\/wp-content\/uploads\/2015\/01\/kirmizi-sandvic-panel.jpg 433w, http:\/\/www.bursaprofil.com.tr\/wp-content\/uploads\/2015\/01\/kirmizi-sandvic-panel-300x155.jpg 300w\" sizes=\"auto, (max-width: 433px) 100vw, 433px\" \/><\/a><\/figure>\n\n\n\n<figure class=\"wp-block-image size-large\"><a href=\"http:\/\/www.bursaprofil.com.tr\/wp-content\/uploads\/2015\/01\/7e6ee6b1825b128d34ce1b389b6387c3.jpg\"><img loading=\"lazy\" decoding=\"async\" width=\"800\" height=\"426\" src=\"http:\/\/www.bursaprofil.com.tr\/wp-content\/uploads\/2015\/01\/7e6ee6b1825b128d34ce1b389b6387c3.jpg\" alt=\"\" class=\"wp-image-648\" srcset=\"http:\/\/www.bursaprofil.com.tr\/wp-content\/uploads\/2015\/01\/7e6ee6b1825b128d34ce1b389b6387c3.jpg 800w, http:\/\/www.bursaprofil.com.tr\/wp-content\/uploads\/2015\/01\/7e6ee6b1825b128d34ce1b389b6387c3-300x160.jpg 300w, http:\/\/www.bursaprofil.com.tr\/wp-content\/uploads\/2015\/01\/7e6ee6b1825b128d34ce1b389b6387c3-768x409.jpg 768w\" sizes=\"auto, (max-width: 800px) 100vw, 800px\" \/><\/a><\/figure>\n\n\n\n<figure class=\"wp-block-image size-large\"><a href=\"http:\/\/www.bursaprofil.com.tr\/wp-content\/uploads\/2015\/01\/tekkat-panel-10-mm-9002.jpg\"><img loading=\"lazy\" decoding=\"async\" width=\"1000\" height=\"1000\" src=\"http:\/\/www.bursaprofil.com.tr\/wp-content\/uploads\/2015\/01\/tekkat-panel-10-mm-9002.jpg\" alt=\"\" class=\"wp-image-645\" srcset=\"http:\/\/www.bursaprofil.com.tr\/wp-content\/uploads\/2015\/01\/tekkat-panel-10-mm-9002.jpg 1000w, http:\/\/www.bursaprofil.com.tr\/wp-content\/uploads\/2015\/01\/tekkat-panel-10-mm-9002-300x300.jpg 300w, http:\/\/www.bursaprofil.com.tr\/wp-content\/uploads\/2015\/01\/tekkat-panel-10-mm-9002-150x150.jpg 150w, http:\/\/www.bursaprofil.com.tr\/wp-content\/uploads\/2015\/01\/tekkat-panel-10-mm-9002-768x768.jpg 768w\" sizes=\"auto, (max-width: 1000px) 100vw, 1000px\" \/><\/a><\/figure>\n\n\n\n<figure class=\"wp-block-image size-large\"><a href=\"http:\/\/www.bursaprofil.com.tr\/wp-content\/uploads\/2015\/01\/Tekkat-Panel-.png\"><img loading=\"lazy\" decoding=\"async\" width=\"350\" height=\"136\" src=\"http:\/\/www.bursaprofil.com.tr\/wp-content\/uploads\/2015\/01\/Tekkat-Panel-.png\" alt=\"\" class=\"wp-image-644\" srcset=\"http:\/\/www.bursaprofil.com.tr\/wp-content\/uploads\/2015\/01\/Tekkat-Panel-.png 350w, http:\/\/www.bursaprofil.com.tr\/wp-content\/uploads\/2015\/01\/Tekkat-Panel--300x117.png 300w\" sizes=\"auto, (max-width: 350px) 100vw, 350px\" \/><\/a><\/figure>\n\n\n\n<figure class=\"wp-block-image size-large\"><a href=\"http:\/\/www.bursaprofil.com.tr\/wp-content\/uploads\/2024\/04\/8616161208937_1.jpg\"><img loading=\"lazy\" decoding=\"async\" width=\"1024\" height=\"1024\" src=\"http:\/\/www.bursaprofil.com.tr\/wp-content\/uploads\/2024\/04\/8616161208937_1-1024x1024.jpg\" alt=\"\" class=\"wp-image-641\" srcset=\"http:\/\/www.bursaprofil.com.tr\/wp-content\/uploads\/2024\/04\/8616161208937_1-1024x1024.jpg 1024w, http:\/\/www.bursaprofil.com.tr\/wp-content\/uploads\/2024\/04\/8616161208937_1-300x300.jpg 300w, http:\/\/www.bursaprofil.com.tr\/wp-content\/uploads\/2024\/04\/8616161208937_1-150x150.jpg 150w, http:\/\/www.bursaprofil.com.tr\/wp-content\/uploads\/2024\/04\/8616161208937_1-768x768.jpg 768w, http:\/\/www.bursaprofil.com.tr\/wp-content\/uploads\/2024\/04\/8616161208937_1.jpg 1200w\" sizes=\"auto, (max-width: 1024px) 100vw, 1024px\" \/><\/a><\/figure>\n\n\n\n<figure class=\"wp-block-image size-large\"><a href=\"http:\/\/www.bursaprofil.com.tr\/wp-content\/uploads\/2024\/04\/indir-2.jpg\"><img loading=\"lazy\" decoding=\"async\" width=\"225\" height=\"225\" src=\"http:\/\/www.bursaprofil.com.tr\/wp-content\/uploads\/2024\/04\/indir-2.jpg\" alt=\"\" class=\"wp-image-638\" srcset=\"http:\/\/www.bursaprofil.com.tr\/wp-content\/uploads\/2024\/04\/indir-2.jpg 225w, http:\/\/www.bursaprofil.com.tr\/wp-content\/uploads\/2024\/04\/indir-2-150x150.jpg 150w\" sizes=\"auto, (max-width: 225px) 100vw, 225px\" \/><\/a><\/figure>\n\n\n\n<figure class=\"wp-block-image size-large\"><a href=\"http:\/\/www.bursaprofil.com.tr\/wp-content\/uploads\/2024\/04\/indir-1.jpg\"><img loading=\"lazy\" decoding=\"async\" width=\"271\" height=\"186\" src=\"http:\/\/www.bursaprofil.com.tr\/wp-content\/uploads\/2024\/04\/indir-1.jpg\" alt=\"\" class=\"wp-image-636\"\/><\/a><\/figure>\n\n\n\n<figure class=\"wp-block-image size-large\"><a href=\"http:\/\/www.bursaprofil.com.tr\/wp-content\/uploads\/2015\/01\/trapez-sac-antresit.jpg\"><img loading=\"lazy\" decoding=\"async\" width=\"447\" height=\"251\" src=\"http:\/\/www.bursaprofil.com.tr\/wp-content\/uploads\/2015\/01\/trapez-sac-antresit.jpg\" alt=\"\" class=\"wp-image-624\" srcset=\"http:\/\/www.bursaprofil.com.tr\/wp-content\/uploads\/2015\/01\/trapez-sac-antresit.jpg 447w, http:\/\/www.bursaprofil.com.tr\/wp-content\/uploads\/2015\/01\/trapez-sac-antresit-300x168.jpg 300w\" sizes=\"auto, (max-width: 447px) 100vw, 447px\" \/><\/a><\/figure>\n\n\n\n<figure class=\"wp-block-image size-large\"><a href=\"http:\/\/www.bursaprofil.com.tr\/wp-content\/uploads\/2024\/04\/BEYAZTRAPEZSAC.jpg\"><img loading=\"lazy\" decoding=\"async\" width=\"565\" height=\"330\" src=\"http:\/\/www.bursaprofil.com.tr\/wp-content\/uploads\/2024\/04\/BEYAZTRAPEZSAC.jpg\" alt=\"\" class=\"wp-image-628\" srcset=\"http:\/\/www.bursaprofil.com.tr\/wp-content\/uploads\/2024\/04\/BEYAZTRAPEZSAC.jpg 565w, http:\/\/www.bursaprofil.com.tr\/wp-content\/uploads\/2024\/04\/BEYAZTRAPEZSAC-300x175.jpg 300w\" sizes=\"auto, (max-width: 565px) 100vw, 565px\" \/><\/a><\/figure>\n\n\n\n<figure class=\"wp-block-image size-large\"><a href=\"http:\/\/www.bursaprofil.com.tr\/wp-content\/uploads\/2015\/01\/galvaniztrapezsacfiyatlari.jpg\"><img loading=\"lazy\" decoding=\"async\" width=\"380\" height=\"190\" src=\"http:\/\/www.bursaprofil.com.tr\/wp-content\/uploads\/2015\/01\/galvaniztrapezsacfiyatlari.jpg\" alt=\"\" class=\"wp-image-632\" srcset=\"http:\/\/www.bursaprofil.com.tr\/wp-content\/uploads\/2015\/01\/galvaniztrapezsacfiyatlari.jpg 380w, http:\/\/www.bursaprofil.com.tr\/wp-content\/uploads\/2015\/01\/galvaniztrapezsacfiyatlari-300x150.jpg 300w\" sizes=\"auto, (max-width: 380px) 100vw, 380px\" \/><\/a><\/figure>\n\n\n\n<figure class=\"wp-block-image size-large\"><a href=\"http:\/\/www.bursaprofil.com.tr\/wp-content\/uploads\/2015\/01\/baslik-1506843203-grille-electrosoude-3.jpg\"><img loading=\"lazy\" decoding=\"async\" width=\"800\" height=\"533\" src=\"http:\/\/www.bursaprofil.com.tr\/wp-content\/uploads\/2015\/01\/baslik-1506843203-grille-electrosoude-3.jpg\" alt=\"\" class=\"wp-image-613\" srcset=\"http:\/\/www.bursaprofil.com.tr\/wp-content\/uploads\/2015\/01\/baslik-1506843203-grille-electrosoude-3.jpg 800w, http:\/\/www.bursaprofil.com.tr\/wp-content\/uploads\/2015\/01\/baslik-1506843203-grille-electrosoude-3-300x200.jpg 300w, http:\/\/www.bursaprofil.com.tr\/wp-content\/uploads\/2015\/01\/baslik-1506843203-grille-electrosoude-3-768x512.jpg 768w\" sizes=\"auto, (max-width: 800px) 100vw, 800px\" \/><\/a><\/figure>\n\n\n\n<figure class=\"wp-block-image size-large\"><a href=\"http:\/\/www.bursaprofil.com.tr\/wp-content\/uploads\/2015\/01\/indir-1.jpg\"><img loading=\"lazy\" decoding=\"async\" width=\"271\" height=\"186\" src=\"http:\/\/www.bursaprofil.com.tr\/wp-content\/uploads\/2015\/01\/indir-1.jpg\" alt=\"\" class=\"wp-image-608\"\/><\/a><\/figure>\n\n\n\n<figure class=\"wp-block-image size-large\"><a href=\"http:\/\/www.bursaprofil.com.tr\/wp-content\/uploads\/2015\/01\/7537333361567419774.jpg\"><img loading=\"lazy\" decoding=\"async\" width=\"1024\" height=\"538\" src=\"http:\/\/www.bursaprofil.com.tr\/wp-content\/uploads\/2015\/01\/7537333361567419774-1024x538.jpg\" alt=\"\" class=\"wp-image-607\" srcset=\"http:\/\/www.bursaprofil.com.tr\/wp-content\/uploads\/2015\/01\/7537333361567419774-1024x538.jpg 1024w, http:\/\/www.bursaprofil.com.tr\/wp-content\/uploads\/2015\/01\/7537333361567419774-300x158.jpg 300w, http:\/\/www.bursaprofil.com.tr\/wp-content\/uploads\/2015\/01\/7537333361567419774-768x403.jpg 768w, http:\/\/www.bursaprofil.com.tr\/wp-content\/uploads\/2015\/01\/7537333361567419774-1536x806.jpg 1536w, http:\/\/www.bursaprofil.com.tr\/wp-content\/uploads\/2015\/01\/7537333361567419774.jpg 1920w\" sizes=\"auto, (max-width: 1024px) 100vw, 1024px\" \/><\/a><\/figure>\n\n\n\n<figure class=\"wp-block-image size-large\"><a href=\"http:\/\/www.bursaprofil.com.tr\/wp-content\/uploads\/2024\/04\/boyali-kutu-profil-.jpg\"><img loading=\"lazy\" decoding=\"async\" width=\"1024\" height=\"768\" src=\"http:\/\/www.bursaprofil.com.tr\/wp-content\/uploads\/2024\/04\/boyali-kutu-profil-.jpg\" alt=\"\" class=\"wp-image-597\" srcset=\"http:\/\/www.bursaprofil.com.tr\/wp-content\/uploads\/2024\/04\/boyali-kutu-profil-.jpg 1024w, http:\/\/www.bursaprofil.com.tr\/wp-content\/uploads\/2024\/04\/boyali-kutu-profil--300x225.jpg 300w, http:\/\/www.bursaprofil.com.tr\/wp-content\/uploads\/2024\/04\/boyali-kutu-profil--768x576.jpg 768w\" sizes=\"auto, (max-width: 1024px) 100vw, 1024px\" \/><\/a><\/figure>\n\n\n\n<figure class=\"wp-block-image size-large\"><a href=\"http:\/\/www.bursaprofil.com.tr\/wp-content\/uploads\/2024\/04\/boyali-trape-1024x461-1.jpg\"><img loading=\"lazy\" decoding=\"async\" width=\"1024\" height=\"461\" src=\"http:\/\/www.bursaprofil.com.tr\/wp-content\/uploads\/2024\/04\/boyali-trape-1024x461-1.jpg\" alt=\"\" class=\"wp-image-599\" srcset=\"http:\/\/www.bursaprofil.com.tr\/wp-content\/uploads\/2024\/04\/boyali-trape-1024x461-1.jpg 1024w, http:\/\/www.bursaprofil.com.tr\/wp-content\/uploads\/2024\/04\/boyali-trape-1024x461-1-300x135.jpg 300w, http:\/\/www.bursaprofil.com.tr\/wp-content\/uploads\/2024\/04\/boyali-trape-1024x461-1-768x346.jpg 768w\" sizes=\"auto, (max-width: 1024px) 100vw, 1024px\" \/><\/a><\/figure>\n\n\n\n<figure class=\"wp-block-image size-large\"><a href=\"http:\/\/www.bursaprofil.com.tr\/wp-content\/uploads\/2024\/04\/product-14-3-1.jpg\"><img loading=\"lazy\" decoding=\"async\" width=\"555\" height=\"555\" src=\"http:\/\/www.bursaprofil.com.tr\/wp-content\/uploads\/2024\/04\/product-14-3-1.jpg\" alt=\"\" class=\"wp-image-595\" srcset=\"http:\/\/www.bursaprofil.com.tr\/wp-content\/uploads\/2024\/04\/product-14-3-1.jpg 555w, http:\/\/www.bursaprofil.com.tr\/wp-content\/uploads\/2024\/04\/product-14-3-1-300x300.jpg 300w, http:\/\/www.bursaprofil.com.tr\/wp-content\/uploads\/2024\/04\/product-14-3-1-150x150.jpg 150w\" sizes=\"auto, (max-width: 555px) 100vw, 555px\" \/><\/a><\/figure>\n\n\n\n<p><iframe loading=\"lazy\" src=\"https:\/\/drive.google.com\/file\/d\/1BCxLMEyC-EmVkqhR4byvN8MbuCQrsG2M\/preview\" width=\"1110\" height=\"900\" style=\"border:0\"><\/iframe><\/p>\n","protected":false},"excerpt":{"rendered":"<p>F\u0130RMAMIZDAN TEDAR\u0130K EDEB\u0130LECE\u011e\u0130N\u0130Z \u00dcR\u00dcNLER<\/p>\n","protected":false},"author":1,"featured_media":0,"parent":0,"menu_order":0,"comment_status":"open","ping_status":"open","template":"pages\/page-full.php","meta":{"om_disable_all_campaigns":false,"_mi_skip_tracking":false,"footnotes":""},"class_list":["post-12","page","type-page","status-publish","hentry"],"aioseo_notices":[],"_links":{"self":[{"href":"http:\/\/www.bursaprofil.com.tr\/index.php?rest_route=\/wp\/v2\/pages\/12","targetHints":{"allow":["GET"]}}],"collection":[{"href":"http:\/\/www.bursaprofil.com.tr\/index.php?rest_route=\/wp\/v2\/pages"}],"about":[{"href":"http:\/\/www.bursaprofil.com.tr\/index.php?rest_route=\/wp\/v2\/types\/page"}],"author":[{"embeddable":true,"href":"http:\/\/www.bursaprofil.com.tr\/index.php?rest_route=\/wp\/v2\/users\/1"}],"replies":[{"embeddable":true,"href":"http:\/\/www.bursaprofil.com.tr\/index.php?rest_route=%2Fwp%2Fv2%2Fcomments&post=12"}],"version-history":[{"count":6,"href":"http:\/\/www.bursaprofil.com.tr\/index.php?rest_route=\/wp\/v2\/pages\/12\/revisions"}],"predecessor-version":[{"id":1057,"href":"http:\/\/www.bursaprofil.com.tr\/index.php?rest_route=\/wp\/v2\/pages\/12\/revisions\/1057"}],"wp:attachment":[{"href":"http:\/\/www.bursaprofil.com.tr\/index.php?rest_route=%2Fwp%2Fv2%2Fmedia&parent=12"}],"curies":[{"name":"wp","href":"https:\/\/api.w.org\/{rel}","templated":true}]}}