{"id":1218,"date":"2025-10-28T21:14:06","date_gmt":"2025-10-28T21:14:06","guid":{"rendered":"http:\/\/www.bursaprofil.com.tr\/?page_id=1218"},"modified":"2025-10-28T21:19:38","modified_gmt":"2025-10-28T21:19:38","slug":"profil-agirlik-listesi","status":"publish","type":"page","link":"http:\/\/www.bursaprofil.com.tr\/?page_id=1218","title":{"rendered":"PROF\u0130L A\u011eIRLIK L\u0130STES\u0130"},"content":{"rendered":"\n<h2 class=\"wp-block-heading\">Dikd\u00f6rtgen Kutu Profil A\u011f\u0131rl\u0131k Cetveli<\/h2>\n\n\n\n<figure class=\"wp-block-table\"><table class=\"has-fixed-layout\"><tbody><tr><th>Ebat (mm)<\/th><th>0.7<\/th><th>0.8<\/th><th>0.9<\/th><th>1.0<\/th><th>1.2<\/th><th>1.5<\/th><th>2.0<\/th><th>2.5<\/th><th>3.0<\/th><\/tr><tr><th>10&#215;20<\/th><td>0.31<\/td><td>0.36<\/td><td>0.40<\/td><td>0.43<\/td><td>0.52<\/td><td>0.63<\/td><td>&nbsp;<\/td><td>&nbsp;<\/td><td>&nbsp;<\/td><\/tr><tr><th>10&#215;25<\/th><td>0.36<\/td><td>0.41<\/td><td>0.45<\/td><td>0.50<\/td><td>0.59<\/td><td>0.75<\/td><td>&nbsp;<\/td><td>&nbsp;<\/td><td>&nbsp;<\/td><\/tr><tr><th>10&#215;30<\/th><td>0.42<\/td><td>0.48<\/td><td>0.54<\/td><td>0.60<\/td><td>0.71<\/td><td>0.87<\/td><td>1.12<\/td><td>&nbsp;<\/td><td>&nbsp;<\/td><\/tr><tr><th>15&#215;20<\/th><td>0.37<\/td><td>0.42<\/td><td>0.47<\/td><td>0.52<\/td><td>0.61<\/td><td>0.75<\/td><td>0.97<\/td><td>&nbsp;<\/td><td>&nbsp;<\/td><\/tr><tr><th>15&#215;25<\/th><td>0.42<\/td><td>0.48<\/td><td>0.54<\/td><td>0.59<\/td><td>0.70<\/td><td>0.86<\/td><td>1.12<\/td><td>1.51<\/td><td>&nbsp;<\/td><\/tr><tr><th>15&#215;30<\/th><td>0.47<\/td><td>0.53<\/td><td>0.61<\/td><td>0.68<\/td><td>0.83<\/td><td>0.99<\/td><td>1.29<\/td><td>&nbsp;<\/td><td>&nbsp;<\/td><\/tr><tr><th>15&#215;40<\/th><td>0.59<\/td><td>0.67<\/td><td>0.75<\/td><td>0.82<\/td><td>0.97<\/td><td>1.19<\/td><td>1.53<\/td><td>&nbsp;<\/td><td>&nbsp;<\/td><\/tr><tr><th>20&#215;25<\/th><td>0.48<\/td><td>0.55<\/td><td>0.61<\/td><td>0.67<\/td><td>0.80<\/td><td>0.98<\/td><td>1.28<\/td><td>&nbsp;<\/td><td>&nbsp;<\/td><\/tr><tr><th>20&#215;30<\/th><td>0.53<\/td><td>0.61<\/td><td>0.68<\/td><td>0.75<\/td><td>0.89<\/td><td>1.10<\/td><td>1.44<\/td><td>1.89<\/td><td>1.90<\/td><\/tr><tr><th>20&#215;35<\/th><td>0.59<\/td><td>0.67<\/td><td>0.75<\/td><td>0.82<\/td><td>0.97<\/td><td>1.22<\/td><td>1.53<\/td><td>&nbsp;<\/td><td>&nbsp;<\/td><\/tr><tr><th>20&#215;40<\/th><td>&nbsp;<\/td><td>0.73<\/td><td>0.82<\/td><td>0.90<\/td><td>1.08<\/td><td>1.34<\/td><td>1.75<\/td><td>2.15<\/td><td>2.39<\/td><\/tr><tr><th>20&#215;50<\/th><td>&nbsp;<\/td><td>&nbsp;<\/td><td>0.97<\/td><td>1.07<\/td><td>1.27<\/td><td>1.57<\/td><td>2.07<\/td><td>2.54<\/td><td>2.86<\/td><\/tr><tr><th>25&#215;30<\/th><td>&nbsp;<\/td><td>&nbsp;<\/td><td>0.75<\/td><td>0.82<\/td><td>0.97<\/td><td>1.19<\/td><td>1.53<\/td><td>&nbsp;<\/td><td>&nbsp;<\/td><\/tr><tr><th>25&#215;35<\/th><td>&nbsp;<\/td><td>0.73<\/td><td>0.82<\/td><td>0.91<\/td><td>1.09<\/td><td>1.34<\/td><td>1.75<\/td><td>2.15<\/td><td>2.39<\/td><\/tr><tr><th>25&#215;40<\/th><td>&nbsp;<\/td><td>0.79<\/td><td>0.89<\/td><td>0.99<\/td><td>1.18<\/td><td>1.46<\/td><td>1.91<\/td><td>2.34<\/td><td>2.63<\/td><\/tr><tr><th>25&#215;50<\/th><td>&nbsp;<\/td><td>&nbsp;<\/td><td>1.04<\/td><td>1.15<\/td><td>1.37<\/td><td>1.69<\/td><td>2.22<\/td><td>2.74<\/td><td>3.10<\/td><\/tr><tr><th>30&#215;35<\/th><td>&nbsp;<\/td><td>&nbsp;<\/td><td>0.89<\/td><td>0.99<\/td><td>1.18<\/td><td>1.46<\/td><td>1.91<\/td><td>2.34<\/td><td>2.63<\/td><\/tr><tr><th>30&#215;40<\/th><td>&nbsp;<\/td><td>0.85<\/td><td>0.95<\/td><td>1.07<\/td><td>1.27<\/td><td>1.57<\/td><td>2.07<\/td><td>2.54<\/td><td>2.86<\/td><\/tr><tr><th>30&#215;50<\/th><td>&nbsp;<\/td><td>0.97<\/td><td>1.22<\/td><td>1.22<\/td><td>1.44<\/td><td>1.81<\/td><td>2.38<\/td><td>2.93<\/td><td>3.33<\/td><\/tr><\/tbody><\/table><\/figure>\n\n\n\n<h2 class=\"wp-block-heading\">Geni\u015f Ebat Dikd\u00f6rtgen Kutu Profil A\u011f\u0131rl\u0131k Cetveli<\/h2>\n\n\n\n<figure class=\"wp-block-table\"><table class=\"has-fixed-layout\"><tbody><tr><th>Ebat (mm)<\/th><th>1.2<\/th><th>1.5<\/th><th>2.0<\/th><th>2.5<\/th><th>3.0<\/th><th>4.0<\/th><th>5.0<\/th><\/tr><tr><th>30&#215;60<\/th><td>1.65<\/td><td>2.05<\/td><td>2.69<\/td><td>3.33<\/td><td>3.80<\/td><td>4.88<\/td><td>&nbsp;<\/td><\/tr><tr><th>30&#215;70<\/th><td>1.84<\/td><td>2.28<\/td><td>3.01<\/td><td>3.72<\/td><td>4.28<\/td><td>5.51<\/td><td>&nbsp;<\/td><\/tr><tr><th>40&#215;50<\/th><td>1.65<\/td><td>2.05<\/td><td>2.69<\/td><td>3.33<\/td><td>3.80<\/td><td>4.88<\/td><td>&nbsp;<\/td><\/tr><tr><th>40&#215;60<\/th><td>1.84<\/td><td>2.28<\/td><td>3.01<\/td><td>3.72<\/td><td>4.28<\/td><td>5.51<\/td><td>6.56<\/td><\/tr><tr><th>40&#215;80<\/th><td>&nbsp;<\/td><td>2.75<\/td><td>3.64<\/td><td>4.50<\/td><td>5.22<\/td><td>6.76<\/td><td>8.13<\/td><\/tr><tr><th>40&#215;100<\/th><td>&nbsp;<\/td><td>3.23<\/td><td>4.26<\/td><td>5.29<\/td><td>6.16<\/td><td>8.02<\/td><td>9.70<\/td><\/tr><tr><th>50&#215;60<\/th><td>&nbsp;<\/td><td>3.6<\/td><td>3.32<\/td><td>4.11<\/td><td>4.75<\/td><td>6.14<\/td><td>&nbsp;<\/td><\/tr><tr><th>50&#215;70<\/th><td>&nbsp;<\/td><td>2.75<\/td><td>3.64<\/td><td>4.50<\/td><td>5.22<\/td><td>6.76<\/td><td>8.13<\/td><\/tr><tr><th>50&#215;90<\/th><td>&nbsp;<\/td><td>3.23<\/td><td>4.26<\/td><td>5.29<\/td><td>6.16<\/td><td>8.02<\/td><td>9.70<\/td><\/tr><tr><th>50&#215;100<\/th><td>&nbsp;<\/td><td>3.40<\/td><td>4.58<\/td><td>5.68<\/td><td>6.63<\/td><td>8.65<\/td><td>10.50<\/td><\/tr><tr><th>50&#215;150<\/th><td>&nbsp;<\/td><td>&nbsp;<\/td><td>6.15<\/td><td>7.64<\/td><td>8.99<\/td><td>11.80<\/td><td>14.40<\/td><\/tr><tr><th>60&#215;80<\/th><td>&nbsp;<\/td><td>3.23<\/td><td>4.26<\/td><td>5.29<\/td><td>6.16<\/td><td>8.02<\/td><td>9.70<\/td><\/tr><tr><th>60&#215;100<\/th><td>&nbsp;<\/td><td>3.62<\/td><td>4.89<\/td><td>6.07<\/td><td>7.10<\/td><td>9.28<\/td><td>11.30<\/td><\/tr><tr><th>60&#215;120<\/th><td>&nbsp;<\/td><td>4.08<\/td><td>5.52<\/td><td>6.86<\/td><td>8.04<\/td><td>10.5<\/td><td>12.80<\/td><\/tr><tr><th>80&#215;100<\/th><td>&nbsp;<\/td><td>4.08<\/td><td>5.52<\/td><td>6.86<\/td><td>8.04<\/td><td>10.50<\/td><td>12.80<\/td><\/tr><tr><th>80&#215;120<\/th><td>&nbsp;<\/td><td>&nbsp;<\/td><td>&nbsp;<\/td><td>&nbsp;<\/td><td>8.96<\/td><td>11.70<\/td><td>14.40<\/td><\/tr><tr><th>80&#215;140<\/th><td>&nbsp;<\/td><td>&nbsp;<\/td><td>&nbsp;<\/td><td>&nbsp;<\/td><td>&nbsp;<\/td><td>13.00<\/td><td>16.00<\/td><\/tr><tr><th>100&#215;150<\/th><td>&nbsp;<\/td><td>&nbsp;<\/td><td>&nbsp;<\/td><td>&nbsp;<\/td><td>&nbsp;<\/td><td>14.90<\/td><td>18.30<\/td><\/tr><tr><th>100&#215;180<\/th><td>&nbsp;<\/td><td>&nbsp;<\/td><td>&nbsp;<\/td><td>&nbsp;<\/td><td>&nbsp;<\/td><td>16.80<\/td><td>20.70<\/td><\/tr><tr><th>100&#215;200<\/th><td>&nbsp;<\/td><td>&nbsp;<\/td><td>&nbsp;<\/td><td>&nbsp;<\/td><td>&nbsp;<\/td><td>18.00<\/td><td>23.30<\/td><\/tr><tr><th>100&#215;300<\/th><td>&nbsp;<\/td><td>&nbsp;<\/td><td>&nbsp;<\/td><td>&nbsp;<\/td><td>&nbsp;<\/td><td>&nbsp;<\/td><td>&nbsp;<\/td><\/tr><tr><th>120&#215;200<\/th><td>&nbsp;<\/td><td>&nbsp;<\/td><td>&nbsp;<\/td><td>&nbsp;<\/td><td>&nbsp;<\/td><td>19.30<\/td><td>23.80<\/td><\/tr><tr><th>150&#215;200<\/th><td>&nbsp;<\/td><td>&nbsp;<\/td><td>&nbsp;<\/td><td>&nbsp;<\/td><td>&nbsp;<\/td><td>21,15<\/td><td>26,18<\/td><\/tr><tr><th>150&#215;250<\/th><td>&nbsp;<\/td><td>&nbsp;<\/td><td>&nbsp;<\/td><td>&nbsp;<\/td><td>&nbsp;<\/td><td>&nbsp;<\/td><td>30.10<\/td><\/tr><tr><th>150&#215;300<\/th><td>&nbsp;<\/td><td>&nbsp;<\/td><td>&nbsp;<\/td><td>&nbsp;<\/td><td>&nbsp;<\/td><td>&nbsp;<\/td><td>&nbsp;<\/td><\/tr><tr><th>200&#215;300<\/th><td>&nbsp;<\/td><td>&nbsp;<\/td><td>&nbsp;<\/td><td>&nbsp;<\/td><td>&nbsp;<\/td><td>30.50<\/td><td>37.80<\/td><\/tr><tr><th>200&#215;400<\/th><td>&nbsp;<\/td><td>&nbsp;<\/td><td>&nbsp;<\/td><td>&nbsp;<\/td><td>&nbsp;<\/td><td>36.70<\/td><td>45.60<\/td><\/tr><tr><th>250&#215;400<\/th><td>&nbsp;<\/td><td>&nbsp;<\/td><td>&nbsp;<\/td><td>&nbsp;<\/td><td>&nbsp;<\/td><td>39.90<\/td><td>49.60<\/td><\/tr><tr><th>250&#215;450<\/th><td>&nbsp;<\/td><td>&nbsp;<\/td><td>&nbsp;<\/td><td>&nbsp;<\/td><td>&nbsp;<\/td><td>&nbsp;<\/td><td>&nbsp;<\/td><\/tr><tr><th>300&#215;500<\/th><td>&nbsp;<\/td><td>&nbsp;<\/td><td>&nbsp;<\/td><td>&nbsp;<\/td><td>&nbsp;<\/td><td>&nbsp;<\/td><td>&nbsp;<\/td><\/tr><\/tbody><\/table><\/figure>\n\n\n\n<h2 class=\"wp-block-heading\">Kal\u0131n Etli Kutu Profil A\u011f\u0131rl\u0131klar\u0131<\/h2>\n\n\n\n<figure class=\"wp-block-table\"><table class=\"has-fixed-layout\"><tbody><tr><th>Ebat (mm)<\/th><th>6.0<\/th><th>6.3<\/th><th>8.0<\/th><th>10.0<\/th><\/tr><tr><th>30&#215;60<\/th><td>&nbsp;<\/td><td>&nbsp;<\/td><td>&nbsp;<\/td><td>&nbsp;<\/td><\/tr><tr><th>30&#215;70<\/th><td>&nbsp;<\/td><td>&nbsp;<\/td><td>&nbsp;<\/td><td>&nbsp;<\/td><\/tr><tr><th>40&#215;50<\/th><td>&nbsp;<\/td><td>&nbsp;<\/td><td>&nbsp;<\/td><td>&nbsp;<\/td><\/tr><tr><th>40&#215;60<\/th><td>&nbsp;<\/td><td>&nbsp;<\/td><td>&nbsp;<\/td><td>&nbsp;<\/td><\/tr><tr><th>40&#215;80<\/th><td>&nbsp;<\/td><td>&nbsp;<\/td><td>&nbsp;<\/td><td>&nbsp;<\/td><\/tr><tr><th>40&#215;100<\/th><td>&nbsp;<\/td><td>&nbsp;<\/td><td>&nbsp;<\/td><td>&nbsp;<\/td><\/tr><tr><th>50&#215;60<\/th><td>&nbsp;<\/td><td>&nbsp;<\/td><td>&nbsp;<\/td><td>&nbsp;<\/td><\/tr><tr><th>50&#215;70<\/th><td>&nbsp;<\/td><td>&nbsp;<\/td><td>&nbsp;<\/td><td>&nbsp;<\/td><\/tr><tr><th>50&#215;90<\/th><td>&nbsp;<\/td><td>&nbsp;<\/td><td>&nbsp;<\/td><td>&nbsp;<\/td><\/tr><tr><th>50&#215;100<\/th><td>&nbsp;<\/td><td>&nbsp;<\/td><td>&nbsp;<\/td><td>&nbsp;<\/td><\/tr><tr><th>50&#215;150<\/th><td>&nbsp;<\/td><td>&nbsp;<\/td><td>&nbsp;<\/td><td>&nbsp;<\/td><\/tr><tr><th>60&#215;80<\/th><td>&nbsp;<\/td><td>&nbsp;<\/td><td>&nbsp;<\/td><td>&nbsp;<\/td><\/tr><tr><th>60&#215;100<\/th><td>13.20<\/td><td>13.50<\/td><td>&nbsp;<\/td><td>&nbsp;<\/td><\/tr><tr><th>60&#215;120<\/th><td>15.10<\/td><td>15.50<\/td><td>&nbsp;<\/td><td>&nbsp;<\/td><\/tr><tr><th>80&#215;100<\/th><td>15.10<\/td><td>15.50<\/td><td>&nbsp;<\/td><td>&nbsp;<\/td><\/tr><tr><th>80&#215;120<\/th><td>17.00<\/td><td>17.50<\/td><td>21.40<\/td><td>&nbsp;<\/td><\/tr><tr><th>80&#215;140<\/th><td>18.90<\/td><td>19.40<\/td><td>23.90<\/td><td>&nbsp;<\/td><\/tr><tr><th>100&#215;150<\/th><td>21.70<\/td><td>22.40<\/td><td>27.70<\/td><td>33.40<\/td><\/tr><tr><th>100&#215;180<\/th><td>24.50<\/td><td>25.40<\/td><td>31.40<\/td><td>38.10<\/td><\/tr><tr><th>100&#215;200<\/th><td>26.40<\/td><td>27.40<\/td><td>33.90<\/td><td>41.30<\/td><\/tr><tr><th>100&#215;300<\/th><td>35.80<\/td><td>37.20<\/td><td>46.50<\/td><td>57.00<\/td><\/tr><tr><th>120&#215;200<\/th><td>28.30<\/td><td>29.30<\/td><td>36.50<\/td><td>44.40<\/td><\/tr><tr><th>150&#215;200<\/th><td>31,11<\/td><td>32,57<\/td><td>40,66<\/td><td>49,79<\/td><\/tr><tr><th>150&#215;250<\/th><td>35.80<\/td><td>37.20<\/td><td>46.50<\/td><td>57.00<\/td><\/tr><tr><th>150&#215;300<\/th><td>40.50<\/td><td>42.20<\/td><td>52.80<\/td><td>64.80<\/td><\/tr><tr><th>200&#215;300<\/th><td>42.20<\/td><td>47.10<\/td><td>59.10<\/td><td>72.70<\/td><\/tr><tr><th>200&#215;400<\/th><td>54.70<\/td><td>57.00<\/td><td>71.60<\/td><td>88.40<\/td><\/tr><tr><th>250&#215;400<\/th><td>54.70<\/td><td>57.00<\/td><td>71.60<\/td><td>88.40<\/td><\/tr><tr><th>250&#215;450<\/th><td>&nbsp;<\/td><td>66.90<\/td><td>84.20<\/td><td>104.0<\/td><\/tr><tr><th>300&#215;500<\/th><td>&nbsp;<\/td><td>76.90<\/td><td>96.70<\/td><td>120.0<\/td><\/tr><\/tbody><\/table><\/figure>\n\n\n\n<p><\/p>\n\n\n\n<h2 class=\"wp-block-heading\">Kare Kutu Profil A\u011f\u0131rl\u0131k Cetveli<\/h2>\n\n\n\n<figure class=\"wp-block-table\"><table><tbody><tr><th rowspan=\"4\">\u00d6l\u00e7\u00fcleri (mm)<\/th><\/tr><tr><td colspan=\"16\">Et kal\u0131nl\u0131\u011f\u0131 (mm)<\/td><\/tr><tr><th>0.6<\/th><th>0.7<\/th><th>0.8<\/th><th>0.9<\/th><th>1.0<\/th><th>1.2<\/th><th>1.5<\/th><th>2.0<\/th><th>2.5<\/th><th>3.0<\/th><th>4.0<\/th><\/tr><tr><td colspan=\"16\">A\u011f\u0131rl\u0131k (kg\/mt)<\/td><\/tr><tr><th>10&#215;10<\/th><td>0.17<\/td><td>0.20<\/td><td>0.23<\/td><td>0.25<\/td><td>0.28<\/td><td>0.32<\/td><td>&nbsp;<\/td><td>&nbsp;<\/td><td>&nbsp;<\/td><td>&nbsp;<\/td><td>&nbsp;<\/td><\/tr><tr><th>15&#215;15<\/th><td>0.27<\/td><td>0.31<\/td><td>0.35<\/td><td>0.39<\/td><td>0.43<\/td><td>0.52<\/td><td>0.63<\/td><td>&nbsp;<\/td><td>&nbsp;<\/td><td>&nbsp;<\/td><td>&nbsp;<\/td><\/tr><tr><th>20&#215;20<\/th><td>0.36<\/td><td>0.42<\/td><td>0.48<\/td><td>0.54<\/td><td>0.59<\/td><td>0.70<\/td><td>0.86<\/td><td>1.12<\/td><td>&nbsp;<\/td><td>&nbsp;<\/td><td>&nbsp;<\/td><\/tr><tr><th>25&#215;25<\/th><td>&nbsp;<\/td><td>0.53<\/td><td>0.60<\/td><td>0.68<\/td><td>0.75<\/td><td>0.89<\/td><td>1.10<\/td><td>1.44<\/td><td>1.89<\/td><td>1.90<\/td><td>&nbsp;<\/td><\/tr><tr><th>30&#215;30<\/th><td>&nbsp;<\/td><td>0.64<\/td><td>0.73<\/td><td>0.82<\/td><td>0.90<\/td><td>1.08<\/td><td>1.34<\/td><td>1.75<\/td><td>2.15<\/td><td>2.39<\/td><td>&nbsp;<\/td><\/tr><tr><th>35&#215;35<\/th><td>&nbsp;<\/td><td>&nbsp;<\/td><td>0.85<\/td><td>0.97<\/td><td>1.07<\/td><td>1.27<\/td><td>1.57<\/td><td>2.07<\/td><td>2.54<\/td><td>2.86<\/td><td>&nbsp;<\/td><\/tr><tr><th>40&#215;40<\/th><td>&nbsp;<\/td><td>&nbsp;<\/td><td>0.97<\/td><td>1.09<\/td><td>1.21<\/td><td>1.44<\/td><td>1.81<\/td><td>2.38<\/td><td>2.93<\/td><td>3.33<\/td><td>4.09<\/td><\/tr><tr><th>50&#215;50<\/th><td>&nbsp;<\/td><td>&nbsp;<\/td><td>&nbsp;<\/td><td>&nbsp;<\/td><td>&nbsp;<\/td><td>1.84<\/td><td>2.28<\/td><td>3.01<\/td><td>3.72<\/td><td>4.28<\/td><td>5.51<\/td><\/tr><tr><th>60&#215;60<\/th><td>&nbsp;<\/td><td>&nbsp;<\/td><td>&nbsp;<\/td><td>&nbsp;<\/td><td>&nbsp;<\/td><td>&nbsp;<\/td><td>2.75<\/td><td>3.64<\/td><td>4.50<\/td><td>5.22<\/td><td>6.76<\/td><\/tr><tr><th>70&#215;70<\/th><td>&nbsp;<\/td><td>&nbsp;<\/td><td>&nbsp;<\/td><td>&nbsp;<\/td><td>&nbsp;<\/td><td>&nbsp;<\/td><td>3.23<\/td><td>4.26<\/td><td>5.29<\/td><td>6.16<\/td><td>8.02<\/td><\/tr><tr><th>80&#215;80<\/th><td>&nbsp;<\/td><td>&nbsp;<\/td><td>&nbsp;<\/td><td>&nbsp;<\/td><td>&nbsp;<\/td><td>&nbsp;<\/td><td>3.62<\/td><td>4.89<\/td><td>6.07<\/td><td>7.10<\/td><td>9.28<\/td><\/tr><tr><th>90&#215;90<\/th><td>&nbsp;<\/td><td>&nbsp;<\/td><td>&nbsp;<\/td><td>&nbsp;<\/td><td>&nbsp;<\/td><td>&nbsp;<\/td><td>4.08<\/td><td>5.52<\/td><td>6.86<\/td><td>8.04<\/td><td>10.50<\/td><\/tr><tr><th>100&#215;100<\/th><td>&nbsp;<\/td><td>&nbsp;<\/td><td>&nbsp;<\/td><td>&nbsp;<\/td><td>&nbsp;<\/td><td>&nbsp;<\/td><td>&nbsp;<\/td><td>6.15<\/td><td>7.64<\/td><td>8.99<\/td><td>11.70<\/td><\/tr><\/tbody><\/table><\/figure>\n\n\n\n<h2 class=\"wp-block-heading\"> Dikd\u00f6rtgen Kutu Profil A\u011f\u0131rl\u0131k Cetveli<\/h2>\n\n\n\n<figure class=\"wp-block-table\"><table><tbody><tr><th rowspan=\"4\">\u00d6l\u00e7\u00fcleri (mm)<\/th><\/tr><tr><td colspan=\"16\">Et kal\u0131nl\u0131\u011f\u0131 (mm)<\/td><\/tr><tr><th>3.0<\/th><th>4.0<\/th><th>5.0<\/th><th>6.0<\/th><th>6.3<\/th><th>7.1<\/th><th>8.0<\/th><\/tr><tr><td colspan=\"16\">Birim A\u011f\u0131rl\u0131k (kg\/mt)<\/td><\/tr><tr><th>50&#215;50<\/th><td>&nbsp;<\/td><td>5.51<\/td><td>6.56<\/td><td>&nbsp;<\/td><td>&nbsp;<\/td><td>&nbsp;<\/td><td>&nbsp;<\/td><\/tr><tr><th>60&#215;60<\/th><td>&nbsp;<\/td><td>6.76<\/td><td>8.13<\/td><td>&nbsp;<\/td><td>&nbsp;<\/td><td>&nbsp;<\/td><td>&nbsp;<\/td><\/tr><tr><th>70&#215;70<\/th><td>&nbsp;<\/td><td>8.02<\/td><td>9.70<\/td><td>&nbsp;<\/td><td>&nbsp;<\/td><td>&nbsp;<\/td><td>&nbsp;<\/td><\/tr><tr><th>80&#215;80<\/th><td>&nbsp;<\/td><td>9.28<\/td><td>11.30<\/td><td>13.20<\/td><td>13.50<\/td><td>&nbsp;<\/td><td>&nbsp;<\/td><\/tr><tr><th>90&#215;90<\/th><td>&nbsp;<\/td><td>10.50<\/td><td>12.80<\/td><td>15.10<\/td><td>15.50<\/td><td>&nbsp;<\/td><td>&nbsp;<\/td><\/tr><tr><th>100&#215;100<\/th><td>&nbsp;<\/td><td>11.70<\/td><td>14.20<\/td><td>17.00<\/td><td>17.50<\/td><td>19.40<\/td><td>21.40<\/td><\/tr><tr><th>120&#215;120<\/th><td>10.80<\/td><td>14.20<\/td><td>17.40<\/td><td>20.70<\/td><td>21.40<\/td><td>23.80<\/td><td>26.40<\/td><\/tr><tr><th>140&#215;140<\/th><td>&nbsp;<\/td><td>16.80<\/td><td>20.50<\/td><td>24.50<\/td><td>25.40<\/td><td>28.30<\/td><td>31.40<\/td><\/tr><tr><th>150&#215;150<\/th><td>&nbsp;<\/td><td>18.00<\/td><td>22.10<\/td><td>26.40<\/td><td>27.40<\/td><td>30.50<\/td><td>33.90<\/td><\/tr><tr><th>160&#215;160<\/th><td>&nbsp;<\/td><td>19.20<\/td><td>23.80<\/td><td>28.30<\/td><td>29.30<\/td><td>32.70<\/td><td>36.50<\/td><\/tr><tr><th>180&#215;180<\/th><td>&nbsp;<\/td><td>21.80<\/td><td>26.80<\/td><td>32.10<\/td><td>33.30<\/td><td>37.20<\/td><td>41.50<\/td><\/tr><tr><th>200&#215;200<\/th><td>&nbsp;<\/td><td>24.20<\/td><td>29.90<\/td><td>35.80<\/td><td>37.20<\/td><td>41.60<\/td><td>46.50<\/td><\/tr><tr><th>220&#215;220<\/th><td>&nbsp;<\/td><td>&nbsp;<\/td><td>33.20<\/td><td>39.60<\/td><td>41.20<\/td><td>46.10<\/td><td>51.50<\/td><\/tr><tr><th>250&#215;250<\/th><td>&nbsp;<\/td><td>&nbsp;<\/td><td>38.30<\/td><td>45.20<\/td><td>47.90<\/td><td>53.70<\/td><td>60.30<\/td><\/tr><tr><th>260&#215;260<\/th><td>&nbsp;<\/td><td>&nbsp;<\/td><td>&nbsp;<\/td><td>47.10<\/td><td>49.10<\/td><td>56.00<\/td><td>61.60<\/td><\/tr><tr><th>300&#215;300<\/th><td>&nbsp;<\/td><td>&nbsp;<\/td><td>&nbsp;<\/td><td>55.10<\/td><td>57.80<\/td><td>64.90<\/td><td>72.80<\/td><\/tr><tr><th>350&#215;350<\/th><td>&nbsp;<\/td><td>&nbsp;<\/td><td>&nbsp;<\/td><td>&nbsp;<\/td><td>66.90<\/td><td>75.10<\/td><td>84.20<\/td><\/tr><tr><th>400&#215;400<\/th><td>&nbsp;<\/td><td>&nbsp;<\/td><td>&nbsp;<\/td><td>&nbsp;<\/td><td>&nbsp;<\/td><td>&nbsp;<\/td><td>96.70<\/td><\/tr><\/tbody><\/table><\/figure>\n\n\n\n<p><\/p>\n","protected":false},"excerpt":{"rendered":"<p>Dikd\u00f6rtgen Kutu Profil A\u011f\u0131rl\u0131k Cetveli Ebat (mm) 0.7 0.8 0.9 1.0 1.2 1.5 2.0 2.5 3.0 10&#215;20 0.31 0.36 0.40 0.43 0.52 0.63 &nbsp; &nbsp; &nbsp; 10&#215;25 0.36 0.41 0.45 0.50 0.59 0.75 &nbsp; &nbsp; &nbsp; 10&#215;30 0.42 0.48 0.54 0.60 0.71 0.87 1.12 &nbsp; &nbsp; 15&#215;20 0.37 0.42 0.47 0.52 0.61 0.75 0.97 &nbsp; [&hellip;]<\/p>\n","protected":false},"author":1,"featured_media":0,"parent":0,"menu_order":0,"comment_status":"closed","ping_status":"closed","template":"","meta":{"om_disable_all_campaigns":false,"_mi_skip_tracking":false,"footnotes":""},"class_list":["post-1218","page","type-page","status-publish","hentry"],"aioseo_notices":[],"_links":{"self":[{"href":"http:\/\/www.bursaprofil.com.tr\/index.php?rest_route=\/wp\/v2\/pages\/1218","targetHints":{"allow":["GET"]}}],"collection":[{"href":"http:\/\/www.bursaprofil.com.tr\/index.php?rest_route=\/wp\/v2\/pages"}],"about":[{"href":"http:\/\/www.bursaprofil.com.tr\/index.php?rest_route=\/wp\/v2\/types\/page"}],"author":[{"embeddable":true,"href":"http:\/\/www.bursaprofil.com.tr\/index.php?rest_route=\/wp\/v2\/users\/1"}],"replies":[{"embeddable":true,"href":"http:\/\/www.bursaprofil.com.tr\/index.php?rest_route=%2Fwp%2Fv2%2Fcomments&post=1218"}],"version-history":[{"count":2,"href":"http:\/\/www.bursaprofil.com.tr\/index.php?rest_route=\/wp\/v2\/pages\/1218\/revisions"}],"predecessor-version":[{"id":1224,"href":"http:\/\/www.bursaprofil.com.tr\/index.php?rest_route=\/wp\/v2\/pages\/1218\/revisions\/1224"}],"wp:attachment":[{"href":"http:\/\/www.bursaprofil.com.tr\/index.php?rest_route=%2Fwp%2Fv2%2Fmedia&parent=1218"}],"curies":[{"name":"wp","href":"https:\/\/api.w.org\/{rel}","templated":true}]}}