{"id":1220,"date":"2025-10-28T21:15:54","date_gmt":"2025-10-28T21:15:54","guid":{"rendered":"http:\/\/www.bursaprofil.com.tr\/?page_id=1220"},"modified":"2025-10-28T21:18:23","modified_gmt":"2025-10-28T21:18:23","slug":"sanayi-borulari-agirlik-listesi","status":"publish","type":"page","link":"http:\/\/www.bursaprofil.com.tr\/?page_id=1220","title":{"rendered":"SANAY\u0130 BORULARI A\u011eIRLIK L\u0130STES\u0130"},"content":{"rendered":"\n<p>Boru \u00c7aplar\u0131 ve Boru A\u011f\u0131rl\u0131k Hesaplama<\/p>\n\n\n\n<div class=\"wp-block-columns is-layout-flex wp-container-core-columns-is-layout-9d6595d7 wp-block-columns-is-layout-flex\">\n<div class=\"wp-block-column is-layout-flow wp-block-column-is-layout-flow\" style=\"flex-basis:100%\">\n<figure class=\"wp-block-table is-style-regular\"><table><tbody><tr><td rowspan=\"3\">D\u0131\u015f \u00c7ap (mm)<\/td><td colspan=\"17\">Sanayi Borular\u0131 Et Kal\u0131nl\u0131\u011f\u0131 (mm)<\/td><\/tr><tr><td>0.6 mm<\/td><td>0.7 mm<\/td><td>0.8 mm<\/td><td>0.9 mm<\/td><td>1.0 mm<\/td><td>1.2 mm<\/td><td>1.5 mm<\/td><td>2.0 mm<\/td><\/tr><tr><td colspan=\"16\">Demir Boru A\u011f\u0131rl\u0131klar\u0131 (kg\/mt)<\/td><\/tr><tr><td>10<\/td><td>0.11<\/td><td>0.15<\/td><td>0.18<\/td><td>0.20<\/td><td>0.22<\/td><td>0.26<\/td><td>0.31<\/td><td><\/td><\/tr><tr><td>13<\/td><td>0.18<\/td><td>0.21<\/td><td>0.24<\/td><td>0.27<\/td><td>0.30<\/td><td>0.35<\/td><td>0.42<\/td><td><\/td><\/tr><tr><td>16<\/td><td>0.23<\/td><td>0.26<\/td><td>0.30<\/td><td>0.34<\/td><td>0.37<\/td><td>0.44<\/td><td>0.54<\/td><td><\/td><\/tr><tr><td>17<\/td><td>0.24<\/td><td>0.28<\/td><td>0.32<\/td><td>0.36<\/td><td>0.40<\/td><td>0.47<\/td><td>0.57<\/td><td>0.74<\/td><\/tr><tr><td>18<\/td><td>0.26<\/td><td>0.30<\/td><td>0.34<\/td><td>0.38<\/td><td>0.42<\/td><td>0.50<\/td><td>0.61<\/td><td>0.79<\/td><\/tr><tr><td>19<\/td><td>0.27<\/td><td>0.32<\/td><td>0.36<\/td><td>0.40<\/td><td>0.44<\/td><td>0.53<\/td><td>0.65<\/td><td>0.84<\/td><\/tr><tr><td>20<\/td><td>0.29<\/td><td>0.33<\/td><td>0.38<\/td><td>0.42<\/td><td>0.47<\/td><td>0.56<\/td><td>0.68<\/td><td>0.89<\/td><\/tr><tr><td>21<\/td><td>0.30<\/td><td>0.35<\/td><td>0.40<\/td><td>0.45<\/td><td>0.49<\/td><td>0.59<\/td><td>0.72<\/td><td>0.94<\/td><\/tr><tr><td>22<\/td><td>0.32<\/td><td>0.37<\/td><td>0.42<\/td><td>0.47<\/td><td>0.52<\/td><td>0.62<\/td><td>0.76<\/td><td>0.99<\/td><\/tr><tr><td>25<\/td><td>0.36<\/td><td>0.42<\/td><td>0.48<\/td><td>0.53<\/td><td>0.59<\/td><td>0.70<\/td><td>0.87<\/td><td>1.13<\/td><\/tr><tr><td>27<\/td><td>0.39<\/td><td>0.45<\/td><td>0.52<\/td><td>0.58<\/td><td>0.64<\/td><td>0.76<\/td><td>0.94<\/td><td>1.23<\/td><\/tr><tr><td>28<\/td><td>0.40<\/td><td>0.47<\/td><td>0.54<\/td><td>0.60<\/td><td>0.67<\/td><td>0.79<\/td><td>0.98<\/td><td>1.28<\/td><\/tr><tr><td>30<\/td><td><\/td><td>0.51<\/td><td>0.58<\/td><td>0.65<\/td><td>0.72<\/td><td>0.85<\/td><td>1.05<\/td><td>1.38<\/td><\/tr><tr><td>32<\/td><td><\/td><td>0.54<\/td><td>0.62<\/td><td>0.69<\/td><td>0.77<\/td><td>0.91<\/td><td>1.13<\/td><td>1.48<\/td><\/tr><tr><td>34<\/td><td><\/td><td>0.59<\/td><td>0.68<\/td><td>0.76<\/td><td>0.84<\/td><td>1.00<\/td><td>1.24<\/td><td>1.63<\/td><\/tr><tr><td>38<\/td><td><\/td><td><\/td><td>0.73<\/td><td>0.82<\/td><td>0.91<\/td><td>1.09<\/td><td>1.35<\/td><td>1.78<\/td><\/tr><tr><td>40<\/td><td><\/td><td><\/td><td>0.77<\/td><td>0.87<\/td><td>0.96<\/td><td>1.15<\/td><td>1.40<\/td><td>1.87<\/td><\/tr><tr><td>42<\/td><td><\/td><td><\/td><td>0.81<\/td><td>0.91<\/td><td>1.01<\/td><td>1.21<\/td><td>1.50<\/td><td>1.97<\/td><\/tr><tr><td>45<\/td><td><\/td><td><\/td><td>0.87<\/td><td>0.98<\/td><td>1.09<\/td><td>1.30<\/td><td>1.61<\/td><td>2.12<\/td><\/tr><tr><td>48<\/td><td><\/td><td><\/td><td><\/td><td>1.05<\/td><td>1.16<\/td><td>1.38<\/td><td>1.73<\/td><td>2.24<\/td><\/tr><tr><td>50<\/td><td><\/td><td><\/td><td><\/td><td>1.09<\/td><td>1.20<\/td><td>1.44<\/td><td>1.79<\/td><td>2.37<\/td><\/tr><tr><td>51<\/td><td><\/td><td><\/td><td><\/td><td>1.11<\/td><td>1.23<\/td><td>1.47<\/td><td>1.83<\/td><td>2.42<\/td><\/tr><tr><td>57<\/td><td><\/td><td><\/td><td><\/td><td><\/td><td>1.38<\/td><td>1.65<\/td><td>2.05<\/td><td>2.71<\/td><\/tr><tr><td>60<\/td><td><\/td><td><\/td><td><\/td><td><\/td><td>1.45<\/td><td>1.74<\/td><td>2.16<\/td><td>2.86<\/td><\/tr><tr><td>63<\/td><td><\/td><td><\/td><td><\/td><td><\/td><td>1.53<\/td><td>1.83<\/td><td>2.28<\/td><td>3.01<\/td><\/tr><tr><td>70<\/td><td><\/td><td><\/td><td><\/td><td><\/td><td><\/td><td>2.03<\/td><td>2.53<\/td><td>3.35<\/td><\/tr><tr><td>72<\/td><td><\/td><td><\/td><td><\/td><td><\/td><td><\/td><td>2.09<\/td><td>2.60<\/td><td>3.45<\/td><\/tr><tr><td>76<\/td><td><\/td><td><\/td><td><\/td><td><\/td><td><\/td><td>2.21<\/td><td>2.75<\/td><td>3.65<\/td><\/tr><tr><td>80<\/td><td><\/td><td><\/td><td><\/td><td><\/td><td><\/td><td><\/td><td>2.90<\/td><td>3.85<\/td><\/tr><tr><td>83<\/td><td><\/td><td><\/td><td><\/td><td><\/td><td><\/td><td><\/td><td>3.01<\/td><td>3.99<\/td><\/tr><tr><td>89<\/td><td><\/td><td><\/td><td><\/td><td><\/td><td><\/td><td><\/td><td>3.24<\/td><td>4.29<\/td><\/tr><tr><td>96<\/td><td><\/td><td><\/td><td><\/td><td><\/td><td><\/td><td><\/td><td>3.49<\/td><td>4.64<\/td><\/tr><tr><td>100<\/td><td><\/td><td><\/td><td><\/td><td><\/td><td><\/td><td><\/td><td>3.64<\/td><td>4.83<\/td><\/tr><tr><td>108<\/td><td><\/td><td><\/td><td><\/td><td><\/td><td><\/td><td><\/td><td>3.94<\/td><td>5.22<\/td><\/tr><tr><td>114<\/td><td><\/td><td><\/td><td><\/td><td><\/td><td><\/td><td><\/td><td><\/td><td>5.52<\/td><\/tr><tr><td>120<\/td><td><\/td><td><\/td><td><\/td><td><\/td><td><\/td><td><\/td><td><\/td><td>5.82<\/td><\/tr><tr><td>127<\/td><td><\/td><td><\/td><td><\/td><td><\/td><td><\/td><td><\/td><td><\/td><td>6.16<\/td><\/tr><tr><td>133<\/td><td><\/td><td><\/td><td><\/td><td><\/td><td><\/td><td><\/td><td><\/td><td>6.46<\/td><\/tr><tr><td>140<\/td><td><\/td><td><\/td><td><\/td><td><\/td><td><\/td><td><\/td><td><\/td><td>6.76<\/td><\/tr><tr><td>159<\/td><td><\/td><td><\/td><td><\/td><td><\/td><td><\/td><td><\/td><td><\/td><td>7.74<\/td><\/tr><tr><td>168<\/td><td><\/td><td><\/td><td><\/td><td><\/td><td><\/td><td><\/td><td><\/td><td><\/td><\/tr><tr><td>193.7<\/td><td><\/td><td><\/td><td><\/td><td><\/td><td><\/td><td><\/td><td><\/td><td><\/td><\/tr><tr><td>219<\/td><td><\/td><td><\/td><td><\/td><td><\/td><td><\/td><td><\/td><td><\/td><td><\/td><\/tr><tr><td>244.5<\/td><td><\/td><td><\/td><td><\/td><td><\/td><td><\/td><td><\/td><td><\/td><td><\/td><\/tr><tr><td>273<\/td><td><\/td><td><\/td><td><\/td><td><\/td><td><\/td><td><\/td><td><\/td><td><\/td><\/tr><tr><td>324<\/td><td><\/td><td><\/td><td><\/td><td><\/td><td><\/td><td><\/td><td><\/td><td><\/td><\/tr><\/tbody><\/table><\/figure>\n<\/div>\n<\/div>\n\n\n\n<h2 class=\"wp-block-heading\">BORU A\u011eIRLIKLARI<\/h2>\n\n\n\n<p>\u00c7elik borular\u0131n et kal\u0131nl\u0131\u011f\u0131n\u0131 d\u0131\u015f \u00e7ap\u0131yla belirtilen \u00f6l\u00e7\u00fclerde ve boru a\u011f\u0131rl\u0131k hesaplama listesi<\/p>\n\n\n\n<figure class=\"wp-block-table\"><table><tbody><tr><td rowspan=\"3\">Boru \u00c7aplar\u0131 (mm)<\/td><td colspan=\"17\">Sanayi Boru Et kal\u0131nl\u0131\u011f\u0131 (mm)<\/td><\/tr><tr><td>2.5 mm<\/td><td>3.0 mm<\/td><td>3.5 mm<\/td><td>4.0 mm<\/td><td>4.5 mm<\/td><td>5.0 mm<\/td><td>5.5 mm<\/td><td>6.0 mm<\/td><\/tr><tr><td colspan=\"16\">Birim A\u011f\u0131rl\u0131klar\u0131 (kg\/mt)<\/td><\/tr><tr><td>18<\/td><td>0.96<\/td><td><\/td><td><\/td><td><\/td><td><\/td><td><\/td><td><\/td><td><\/td><\/tr><tr><td>19<\/td><td>1.02<\/td><td><\/td><td><\/td><td><\/td><td><\/td><td><\/td><td><\/td><td><\/td><\/tr><tr><td>20<\/td><td>1.08<\/td><td><\/td><td><\/td><td><\/td><td><\/td><td><\/td><td><\/td><td><\/td><\/tr><tr><td>21<\/td><td>1.14<\/td><td><\/td><td><\/td><td><\/td><td><\/td><td><\/td><td><\/td><td><\/td><\/tr><tr><td>22<\/td><td>1.20<\/td><td><\/td><td><\/td><td><\/td><td><\/td><td><\/td><td><\/td><td><\/td><\/tr><tr><td>25<\/td><td>1.39<\/td><td><\/td><td><\/td><td><\/td><td><\/td><td><\/td><td><\/td><td><\/td><\/tr><tr><td>27<\/td><td>1.51<\/td><td>1.77<\/td><td><\/td><td><\/td><td><\/td><td><\/td><td><\/td><td><\/td><\/tr><tr><td>28<\/td><td>1.57<\/td><td>1.84<\/td><td><\/td><td><\/td><td><\/td><td><\/td><td><\/td><td><\/td><\/tr><tr><td>30<\/td><td>1.70<\/td><td>2.00<\/td><td><\/td><td><\/td><td><\/td><td><\/td><td><\/td><td><\/td><\/tr><tr><td>32<\/td><td>1.82<\/td><td>2.15<\/td><td><\/td><td><\/td><td><\/td><td><\/td><td><\/td><td><\/td><\/tr><tr><td>34<\/td><td>2.00<\/td><td>2.37<\/td><td><\/td><td><\/td><td><\/td><td><\/td><td><\/td><td><\/td><\/tr><tr><td>38<\/td><td>2.19<\/td><td>2.59<\/td><td><\/td><td><\/td><td><\/td><td><\/td><td><\/td><td><\/td><\/tr><tr><td>40<\/td><td>2.31<\/td><td>2.74<\/td><td>3.15<\/td><td>3.55<\/td><td><\/td><td><\/td><td><\/td><td><\/td><\/tr><tr><td>42<\/td><td>2.44<\/td><td>2.89<\/td><td>3.32<\/td><td>3.75<\/td><td><\/td><td><\/td><td><\/td><td><\/td><\/tr><tr><td>45<\/td><td>2.62<\/td><td>3.11<\/td><td>3.58<\/td><td>4.04<\/td><td><\/td><td><\/td><td><\/td><td><\/td><\/tr><tr><td>48<\/td><td>2.81<\/td><td>3.33<\/td><td>3.84<\/td><td>4.34<\/td><td><\/td><td><\/td><td><\/td><td><\/td><\/tr><tr><td>50<\/td><td>2.93<\/td><td>3.48<\/td><td>4.01<\/td><td>4.54<\/td><td><\/td><td><\/td><td><\/td><td><\/td><\/tr><tr><td>51<\/td><td>2.99<\/td><td>3.55<\/td><td>4.10<\/td><td>4.64<\/td><td><\/td><td><\/td><td><\/td><td><\/td><\/tr><tr><td>57<\/td><td>3.36<\/td><td>5.00<\/td><td>4.62<\/td><td>5.23<\/td><td>5.83<\/td><td><\/td><td><\/td><td><\/td><\/tr><tr><td>60<\/td><td>3.55<\/td><td>4.22<\/td><td>4.88<\/td><td>5.52<\/td><td>6.16<\/td><td>6.78<\/td><td>7.39<\/td><td><\/td><\/tr><tr><td>63<\/td><td>3.72<\/td><td>4.44<\/td><td>5.14<\/td><td>5.82<\/td><td>6.49<\/td><td>7.14<\/td><td>7.79<\/td><td><\/td><\/tr><tr><td>70<\/td><td>4.16<\/td><td>4.96<\/td><td>5.74<\/td><td>6.51<\/td><td>7.27<\/td><td>8.01<\/td><td>8.75<\/td><td><\/td><\/tr><tr><td>72<\/td><td>4.28<\/td><td>5.10<\/td><td>5.91<\/td><td>6.71<\/td><td>7.51<\/td><td>8.25<\/td><td>9.02<\/td><td><\/td><\/tr><tr><td>76<\/td><td>4.53<\/td><td>5.40<\/td><td>6.26<\/td><td>7.10<\/td><td>7.93<\/td><td>8.75<\/td><td>9.56<\/td><td><\/td><\/tr><tr><td>80<\/td><td>4.78<\/td><td>5.70<\/td><td>6.60<\/td><td>7.50<\/td><td>8.38<\/td><td>9.25<\/td><td>10.10<\/td><td><\/td><\/tr><tr><td>83<\/td><td>4.96<\/td><td>5.92<\/td><td>6.86<\/td><td>7.79<\/td><td>8.74<\/td><td>9.61<\/td><td>10.51<\/td><td><\/td><\/tr><tr><td>89<\/td><td>5.33<\/td><td>6.36<\/td><td>7.38<\/td><td>8.38<\/td><td>9.38<\/td><td>10.36<\/td><td>11.50<\/td><td><\/td><\/tr><tr><td>96<\/td><td>5.76<\/td><td>6.88<\/td><td>7.98<\/td><td>9.07<\/td><td>10.15<\/td><td>11.22<\/td><td>12.27<\/td><td><\/td><\/tr><tr><td>100<\/td><td>6.01<\/td><td>7.18<\/td><td>8.33<\/td><td>9.47<\/td><td>10.60<\/td><td>11.70<\/td><td>12.80<\/td><td>13.90<\/td><\/tr><tr><td>108<\/td><td>6.50<\/td><td>7.76<\/td><td>9.01<\/td><td>10.25<\/td><td>11.50<\/td><td>12.70<\/td><td>13.90<\/td><td>15.10<\/td><\/tr><tr><td>114<\/td><td>6.87<\/td><td>8.21<\/td><td>9.54<\/td><td>10.84<\/td><td>12.20<\/td><td>13.43<\/td><td>14.70<\/td><td>16.00<\/td><\/tr><tr><td>120<\/td><td>7.24<\/td><td>8.66<\/td><td>10.10<\/td><td>11.40<\/td><td>12.80<\/td><td>14.20<\/td><td>15.50<\/td><td>16.90<\/td><\/tr><tr><td>127<\/td><td>7.68<\/td><td>9.17<\/td><td>10.60<\/td><td>12.10<\/td><td>13.60<\/td><td>15.00<\/td><td>16.48<\/td><td>17.90<\/td><\/tr><tr><td>133<\/td><td>8.05<\/td><td>9.62<\/td><td>11.20<\/td><td>12.70<\/td><td>14.30<\/td><td>15.80<\/td><td>17.30<\/td><td>18.90<\/td><\/tr><tr><td>140<\/td><td>8.42<\/td><td>10.10<\/td><td>11.75<\/td><td>13.40<\/td><td>15.00<\/td><td>16.60<\/td><td>18.15<\/td><td>19.80<\/td><\/tr><tr><td>159<\/td><td>9.65<\/td><td>11.50<\/td><td>13.40<\/td><td>15.30<\/td><td>17.20<\/td><td>19.00<\/td><td>20.80<\/td><td>22.60<\/td><\/tr><tr><td>168<\/td><td>10.20<\/td><td>12.21<\/td><td>14.20<\/td><td>16.18<\/td><td>18.14<\/td><td>20.09<\/td><td>22.04<\/td><td>23.97<\/td><\/tr><tr><td>193.7<\/td><td><\/td><td><\/td><td><\/td><td>18.70<\/td><td>20.99<\/td><td>23.30<\/td><td>25.52<\/td><td>27.80<\/td><\/tr><tr><td>219<\/td><td><\/td><td><\/td><td><\/td><td>21.20<\/td><td>23.80<\/td><td>26.40<\/td><td>28.95<\/td><td>31.50<\/td><\/tr><tr><td>244.5<\/td><td><\/td><td><\/td><td><\/td><td><\/td><td><\/td><td>26.40<\/td><td>32.41<\/td><td>35.30<\/td><\/tr><tr><td>273<\/td><td><\/td><td><\/td><td><\/td><td><\/td><td><\/td><td>33.00<\/td><td>36.28<\/td><td>39.50<\/td><\/tr><tr><td>324<\/td><td><\/td><td><\/td><td><\/td><td><\/td><td><\/td><td>39.30<\/td><td>43.20<\/td><td>47.05<\/td><\/tr><\/tbody><\/table><\/figure>\n","protected":false},"excerpt":{"rendered":"<p>Boru \u00c7aplar\u0131 ve Boru A\u011f\u0131rl\u0131k Hesaplama D\u0131\u015f \u00c7ap (mm) Sanayi Borular\u0131 Et Kal\u0131nl\u0131\u011f\u0131 (mm) 0.6 mm 0.7 mm 0.8 mm 0.9 mm 1.0 mm 1.2 mm 1.5 mm 2.0 mm Demir Boru A\u011f\u0131rl\u0131klar\u0131 (kg\/mt) 10 0.11 0.15 0.18 0.20 0.22 0.26 0.31 13 0.18 0.21 0.24 0.27 0.30 0.35 0.42 16 0.23 0.26 0.30 0.34 [&hellip;]<\/p>\n","protected":false},"author":1,"featured_media":0,"parent":0,"menu_order":0,"comment_status":"closed","ping_status":"closed","template":"","meta":{"om_disable_all_campaigns":false,"_mi_skip_tracking":false,"footnotes":""},"class_list":["post-1220","page","type-page","status-publish","hentry"],"aioseo_notices":[],"_links":{"self":[{"href":"http:\/\/www.bursaprofil.com.tr\/index.php?rest_route=\/wp\/v2\/pages\/1220","targetHints":{"allow":["GET"]}}],"collection":[{"href":"http:\/\/www.bursaprofil.com.tr\/index.php?rest_route=\/wp\/v2\/pages"}],"about":[{"href":"http:\/\/www.bursaprofil.com.tr\/index.php?rest_route=\/wp\/v2\/types\/page"}],"author":[{"embeddable":true,"href":"http:\/\/www.bursaprofil.com.tr\/index.php?rest_route=\/wp\/v2\/users\/1"}],"replies":[{"embeddable":true,"href":"http:\/\/www.bursaprofil.com.tr\/index.php?rest_route=%2Fwp%2Fv2%2Fcomments&post=1220"}],"version-history":[{"count":2,"href":"http:\/\/www.bursaprofil.com.tr\/index.php?rest_route=\/wp\/v2\/pages\/1220\/revisions"}],"predecessor-version":[{"id":1223,"href":"http:\/\/www.bursaprofil.com.tr\/index.php?rest_route=\/wp\/v2\/pages\/1220\/revisions\/1223"}],"wp:attachment":[{"href":"http:\/\/www.bursaprofil.com.tr\/index.php?rest_route=%2Fwp%2Fv2%2Fmedia&parent=1220"}],"curies":[{"name":"wp","href":"https:\/\/api.w.org\/{rel}","templated":true}]}}