{"id":17,"date":"2015-01-13T17:53:22","date_gmt":"2015-01-13T17:53:22","guid":{"rendered":"http:\/\/demo.safirtema.com\/safirkurumsal\/?page_id=17"},"modified":"2024-04-07T04:10:28","modified_gmt":"2024-04-07T04:10:28","slug":"sikca-sorulan-sorular","status":"publish","type":"page","link":"http:\/\/www.bursaprofil.com.tr\/?page_id=17","title":{"rendered":"S\u0131k\u00e7a Sorulan Sorular"},"content":{"rendered":"\n<p><\/p>\n\n\n\n<div class=\"wp-block-safirtema-bgtext descriptionbox question\"><div class=\"inner\"><div class=\"icon safiricon\"><svg class=\"safiricon-soru\"><use href=\"#safiricon-soru\"><\/use><\/svg><\/div><div class=\"header\">AKLINIZDA SORU \u0130\u015eARET\u0130 KALMASIN<\/div><div class=\"content\">Siz de\u011ferli ziyaret\u00e7ilerimiz i\u00e7in s\u0131k\u00e7a kar\u015f\u0131la\u015ft\u0131\u011f\u0131m\u0131z sorular\u0131 derledik ve cevaplar\u0131 ile birlikte bilginize sunduk.<\/div><\/div><\/div>\n\n\n\n<div class=\"wp-block-safirtema-sorucevap safir-faq\"><div class=\"question\"><div class=\"safiricon icon\"><svg class=\"safiricon-soru\"><use href=\"#safiricon-soru\"><\/use><\/svg><\/div><span class=\"text\">BURSA PROF\u0130L NE \u0130\u015e YAPAR ?<\/span><div class=\"openclose plus\"><\/div><\/div><p class=\"answer\">Firmam\u0131z \u00e7at\u0131 malzemeleri, kutu profiller, izolasyon malzemeleri, yap\u0131 malzemeleri konusunda Bursa ve \u00e7evresine tedarik hizmeti sa\u011flamaktad\u0131r.<\/p><\/div>\n\n\n\n<div class=\"wp-block-safirtema-sorucevap safir-faq\"><div class=\"question\"><div class=\"safiricon icon\"><svg class=\"safiricon-soru\"><use href=\"#safiricon-soru\"><\/use><\/svg><\/div><span class=\"text\">Nostrum sed est quam odio tempora eligendi laboriosam?<\/span><div class=\"openclose plus\"><\/div><\/div><p class=\"answer\">Veritatis aut doloremque et esse ea dolorem officiis rerum culpa numquam omnis fugiat hic earum voluptatum eos aut illo aut illum repellendus hic cumque et iste sed est dolorem laudantium et voluptatem molestiae a consequatur non tempora sunt totam delectus quidem at amet quia ipsam et quasi voluptatum enim omnis minus nemo nisi et recusandae nostrum eveniet impedit ullam omnis et et itaque saepe exercitationem placeat possimus consequatur nisi nemo iure hic hic voluptates ad fuga voluptatem omnis ea non.<\/p><\/div>\n\n\n\n<div class=\"wp-block-safirtema-sorucevap safir-faq\"><div class=\"question\"><div class=\"safiricon icon\"><svg class=\"safiricon-soru\"><use href=\"#safiricon-soru\"><\/use><\/svg><\/div><span class=\"text\">Aliquid ipsum eius maxime qui provident nobis cum?<\/span><div class=\"openclose plus\"><\/div><\/div><p class=\"answer\">Minima voluptas sed explicabo sed pariatur alias rerum ea magni asperiores quod quia dolorem qui veniam cum quia eius qui molestias sed maiores temporibus totam accusamus veniam est perferendis saepe hic assumenda corrupti ex ut tempore aut iusto molestiae est aperiam sunt voluptatum ut necessitatibus sit qui voluptate laudantium harum dolorem illo adipisci blanditiis tempore tenetur quod animi cumque aut dolores id placeat ipsum in eveniet vel quod explicabo et qui officiis doloribus ut fuga eligendi accusamus nulla optio velit.<\/p><\/div>\n\n\n\n<div class=\"wp-block-safirtema-sorucevap safir-faq\"><div class=\"question\"><div class=\"safiricon icon\"><svg class=\"safiricon-soru\"><use href=\"#safiricon-soru\"><\/use><\/svg><\/div><span class=\"text\">Soluta occaecati est eligendi minima omnis reprehenderit?<\/span><div class=\"openclose plus\"><\/div><\/div><p class=\"answer\">Sequi sunt iusto sit et eaque aperiam sint esse facere ut vel fugiat ducimus illo aut ea tempora sunt quisquam voluptas voluptas soluta accusantium officiis aut illum explicabo aliquid odio quis sequi nihil molestias et ipsa corrupti atque sequi quos adipisci est tenetur voluptas deserunt magni laborum consequatur asperiores harum nihil et aut molestias ducimus maiores nostrum veniam commodi numquam ut vitae id voluptates eveniet voluptas debitis consectetur mollitia blanditiis dignissimos laboriosam voluptatum qui vero dolorem quaerat ad qui aut.<\/p><\/div>\n\n\n\n<div class=\"wp-block-safirtema-sorucevap safir-faq\"><div class=\"question\"><div class=\"safiricon icon\"><svg class=\"safiricon-soru\"><use href=\"#safiricon-soru\"><\/use><\/svg><\/div><span class=\"text\">Occaecati similique facere vel et quia rem rem?<\/span><div class=\"openclose plus\"><\/div><\/div><p class=\"answer\">Sit corrupti et commodi consequatur reiciendis assumenda provident libero id sed reiciendis dolorem commodi dolores dolorem quibusdam itaque dolorem tempora repellendus occaecati fugiat rem non ut ullam consequatur corporis iste rerum hic dolorum inventore est adipisci aperiam accusamus sed dolorem consequatur sed doloremque et est earum sint quo itaque occaecati.<\/p><\/div>\n\n\n\n<div class=\"wp-block-safirtema-sorucevap safir-faq\"><div class=\"question\"><div class=\"safiricon icon\"><svg class=\"safiricon-soru\"><use href=\"#safiricon-soru\"><\/use><\/svg><\/div><span class=\"text\">Consequatur quod in alias at nostrum nulla quod omnis?<\/span><div class=\"openclose plus\"><\/div><\/div><p class=\"answer\">Aut excepturi sit maiores veritatis vero voluptate placeat amet tenetur aut qui sapiente qui at repellendus odio aut magni ipsam facilis sunt temporibus quo amet at earum occaecati cupiditate et corrupti ullam sit dicta illo necessitatibus ut accusamus ut ex exercitationem officia dolor eos accusamus vero ut rerum perferendis fugiat dolorem est et sint soluta consequuntur voluptatibus ut minima qui ipsum quidem fuga nesciunt nulla nemo esse aliquid dignissimos repudiandae ut accusantium dicta occaecati maxime repudiandae voluptatem est rerum provident assumenda.<\/p><\/div>\n","protected":false},"excerpt":{"rendered":"","protected":false},"author":1,"featured_media":0,"parent":0,"menu_order":0,"comment_status":"open","ping_status":"open","template":"","meta":{"om_disable_all_campaigns":false,"_mi_skip_tracking":false,"footnotes":""},"class_list":["post-17","page","type-page","status-publish","hentry"],"aioseo_notices":[],"_links":{"self":[{"href":"http:\/\/www.bursaprofil.com.tr\/index.php?rest_route=\/wp\/v2\/pages\/17","targetHints":{"allow":["GET"]}}],"collection":[{"href":"http:\/\/www.bursaprofil.com.tr\/index.php?rest_route=\/wp\/v2\/pages"}],"about":[{"href":"http:\/\/www.bursaprofil.com.tr\/index.php?rest_route=\/wp\/v2\/types\/page"}],"author":[{"embeddable":true,"href":"http:\/\/www.bursaprofil.com.tr\/index.php?rest_route=\/wp\/v2\/users\/1"}],"replies":[{"embeddable":true,"href":"http:\/\/www.bursaprofil.com.tr\/index.php?rest_route=%2Fwp%2Fv2%2Fcomments&post=17"}],"version-history":[{"count":10,"href":"http:\/\/www.bursaprofil.com.tr\/index.php?rest_route=\/wp\/v2\/pages\/17\/revisions"}],"predecessor-version":[{"id":664,"href":"http:\/\/www.bursaprofil.com.tr\/index.php?rest_route=\/wp\/v2\/pages\/17\/revisions\/664"}],"wp:attachment":[{"href":"http:\/\/www.bursaprofil.com.tr\/index.php?rest_route=%2Fwp%2Fv2%2Fmedia&parent=17"}],"curies":[{"name":"wp","href":"https:\/\/api.w.org\/{rel}","templated":true}]}}