{"id":183,"date":"2015-01-17T16:27:02","date_gmt":"2015-01-17T16:27:02","guid":{"rendered":"http:\/\/demo.safirtema.com\/safirkurumsal\/?page_id=183"},"modified":"2024-06-26T12:48:13","modified_gmt":"2024-06-26T12:48:13","slug":"yonetim-kadrosu","status":"publish","type":"page","link":"http:\/\/www.bursaprofil.com.tr\/?page_id=183","title":{"rendered":"Y\u00f6netim Kadrosu"},"content":{"rendered":"\n<p><\/p>\n\n\n<p>Ho\u015f Geldiniz!\u00a0<\/p>\n<p>F\u0130YAT VE \u00dcR\u00dcN B\u0130LG\u0130S\u0130 \u0130\u00c7\u0130N <strong>0551 9632563<\/strong> NUMARALI TELEFONDAN B\u0130ZLER ULA\u015eAB\u0130L\u0130RS\u0130N\u0130Z.<\/p>\n<p>Bursa Profil \u00e7at\u0131 malzemeleri, izolasyon ve in\u015faat malzemeleri, profil ve metal \u00fcr\u00fcnleri sat\u0131\u015f\u0131 konusunda ilimizde hizmet etmektedir. Bursa merkezli firmam\u0131z sandvi\u00e7 panel, kutu profil, trapez sac gibi \u00e7at\u0131 malzemeleri yan\u0131 s\u0131ra ta\u015f y\u00fcn\u00fc , betopan, osb gibi yap\u0131 malzemeleride satmaktad\u0131r.<\/p>\n<p>M\u00fc\u015fteri Memnuniyeti \u00d6nceli\u011fimizdir<\/p>\n<p>Biz, m\u00fc\u015fterilerimizin ihtiya\u00e7lar\u0131n\u0131 en iyi \u015fekilde kar\u015f\u0131lamak ve beklentilerini a\u015fmak i\u00e7in \u00e7al\u0131\u015f\u0131yoruz. M\u00fc\u015fteri memnuniyeti, i\u015fimizin temel prensibidir ve bu do\u011frultuda kaliteli \u00fcr\u00fcnler sunarak ve m\u00fc\u015fteri odakl\u0131 hizmet anlay\u0131\u015f\u0131m\u0131zla fark yarat\u0131yoruz. M\u00fc\u015fterilerimizin taleplerini anlamak ve onlara \u00f6zel \u00e7\u00f6z\u00fcmler sunmak i\u00e7in s\u00fcrekli olarak \u00e7aba g\u00f6steriyoruz.<\/p>\n<p>Kalite ve G\u00fcvenilirlik<\/p>\n<p>Bursa Profil Firmas\u0131 olarak, \u00fcr\u00fcnlerimizin kalitesinden ve g\u00fcvenilirli\u011finden \u00f6d\u00fcn vermiyoruz. \u00dcr\u00fcnlerimizi titizlikle kontrol ediyoruz. M\u00fc\u015fterilerimize her zaman g\u00fcvenebilecekleri sa\u011flam ve dayan\u0131kl\u0131 \u00fcr\u00fcnler sunmak i\u00e7in \u00e7aba sarf ediyoruz.<\/p>\n<p>Geni\u015f \u00dcr\u00fcn Yelpazesi<\/p>\n<p>Firmam\u0131z, geni\u015f bir \u00fcr\u00fcn yelpazesiyle m\u00fc\u015fterilerimize \u00e7e\u015fitli ihtiya\u00e7lar\u0131na uygun \u00e7\u00f6z\u00fcmler sunmaktad\u0131r. Profil \u00e7e\u015fitlerinden in\u015faat malzemelerine, end\u00fcstriyel \u00fcr\u00fcnlerden , izolasyon malzemelerine kadar geni\u015f bir \u00fcr\u00fcn yelpazemiz bulunmaktad\u0131r. \u0130htiyac\u0131n\u0131za uygun profil ve metal \u00fcr\u00fcnleri bizde bulabilirsiniz.<\/p>\n<p>Bizimle \u0130leti\u015fime Ge\u00e7in<\/p>\n<p>Bursa Profil Firmas\u0131 olarak, siz de\u011ferli m\u00fc\u015fterilerimize en iyi hizmeti sunmak i\u00e7in buraday\u0131z. \u0130htiya\u00e7lar\u0131n\u0131z\u0131 kar\u015f\u0131lamak ve sizinle i\u015f birli\u011fi yapmak i\u00e7in sab\u0131rs\u0131zlan\u0131yoruz. Siz de bize ula\u015f\u0131n ve ihtiya\u00e7lar\u0131n\u0131z\u0131 bizimle payla\u015f\u0131n.<\/p>\n<p>Te\u015fekk\u00fcr ederiz<\/p>","protected":false},"excerpt":{"rendered":"<p>Ho\u015f Geldiniz!\u00a0 F\u0130YAT VE \u00dcR\u00dcN B\u0130LG\u0130S\u0130 \u0130\u00c7\u0130N 0551 9632563 NUMARALI TELEFONDAN B\u0130ZLER ULA\u015eAB\u0130L\u0130RS\u0130N\u0130Z. Bursa Profil \u00e7at\u0131 malzemeleri, izolasyon ve in\u015faat malzemeleri, profil ve metal \u00fcr\u00fcnleri sat\u0131\u015f\u0131 konusunda ilimizde hizmet etmektedir. Bursa merkezli firmam\u0131z sandvi\u00e7 panel, kutu profil, trapez sac gibi \u00e7at\u0131 malzemeleri yan\u0131 s\u0131ra ta\u015f y\u00fcn\u00fc , betopan, osb gibi yap\u0131 malzemeleride satmaktad\u0131r. M\u00fc\u015fteri Memnuniyeti [&hellip;]<\/p>\n","protected":false},"author":1,"featured_media":0,"parent":0,"menu_order":0,"comment_status":"open","ping_status":"closed","template":"","meta":{"om_disable_all_campaigns":false,"_mi_skip_tracking":false,"footnotes":""},"class_list":["post-183","page","type-page","status-publish","hentry"],"aioseo_notices":[],"_links":{"self":[{"href":"http:\/\/www.bursaprofil.com.tr\/index.php?rest_route=\/wp\/v2\/pages\/183","targetHints":{"allow":["GET"]}}],"collection":[{"href":"http:\/\/www.bursaprofil.com.tr\/index.php?rest_route=\/wp\/v2\/pages"}],"about":[{"href":"http:\/\/www.bursaprofil.com.tr\/index.php?rest_route=\/wp\/v2\/types\/page"}],"author":[{"embeddable":true,"href":"http:\/\/www.bursaprofil.com.tr\/index.php?rest_route=\/wp\/v2\/users\/1"}],"replies":[{"embeddable":true,"href":"http:\/\/www.bursaprofil.com.tr\/index.php?rest_route=%2Fwp%2Fv2%2Fcomments&post=183"}],"version-history":[{"count":2,"href":"http:\/\/www.bursaprofil.com.tr\/index.php?rest_route=\/wp\/v2\/pages\/183\/revisions"}],"predecessor-version":[{"id":1054,"href":"http:\/\/www.bursaprofil.com.tr\/index.php?rest_route=\/wp\/v2\/pages\/183\/revisions\/1054"}],"wp:attachment":[{"href":"http:\/\/www.bursaprofil.com.tr\/index.php?rest_route=%2Fwp%2Fv2%2Fmedia&parent=183"}],"curies":[{"name":"wp","href":"https:\/\/api.w.org\/{rel}","templated":true}]}}