{"id":6,"date":"2015-01-13T12:40:08","date_gmt":"2015-01-13T12:40:08","guid":{"rendered":"http:\/\/demo.safirtema.com\/safirkurumsal\/iletisim\/"},"modified":"2025-10-19T13:58:19","modified_gmt":"2025-10-19T13:58:19","slug":"iletisim","status":"publish","type":"page","link":"http:\/\/www.bursaprofil.com.tr\/?page_id=6","title":{"rendered":"\u0130leti\u015fim"},"content":{"rendered":"\n<p>Bizlere 0551 963 2563 numaral\u0131 gsm hatt\u0131m\u0131zdan veya info@bursaprofil.com.tr mail adresimizden ula\u015fabilirsiniz.<\/p>\n\n\n\n<p><\/p>\n\n\n\n<p><a href=\"https:\/\/sites.google.com\/view\/bursaprofil\/ana-sayfa\">sites<\/a><\/p>\n","protected":false},"excerpt":{"rendered":"<p>Bizlere 0551 963 2563 numaral\u0131 gsm hatt\u0131m\u0131zdan veya info@bursaprofil.com.tr mail adresimizden ula\u015fabilirsiniz. sites<\/p>\n","protected":false},"author":1,"featured_media":0,"parent":0,"menu_order":0,"comment_status":"open","ping_status":"closed","template":"pages\/page-contact.php","meta":{"om_disable_all_campaigns":false,"_mi_skip_tracking":false,"footnotes":""},"class_list":["post-6","page","type-page","status-publish","hentry"],"aioseo_notices":[],"_links":{"self":[{"href":"http:\/\/www.bursaprofil.com.tr\/index.php?rest_route=\/wp\/v2\/pages\/6","targetHints":{"allow":["GET"]}}],"collection":[{"href":"http:\/\/www.bursaprofil.com.tr\/index.php?rest_route=\/wp\/v2\/pages"}],"about":[{"href":"http:\/\/www.bursaprofil.com.tr\/index.php?rest_route=\/wp\/v2\/types\/page"}],"author":[{"embeddable":true,"href":"http:\/\/www.bursaprofil.com.tr\/index.php?rest_route=\/wp\/v2\/users\/1"}],"replies":[{"embeddable":true,"href":"http:\/\/www.bursaprofil.com.tr\/index.php?rest_route=%2Fwp%2Fv2%2Fcomments&post=6"}],"version-history":[{"count":6,"href":"http:\/\/www.bursaprofil.com.tr\/index.php?rest_route=\/wp\/v2\/pages\/6\/revisions"}],"predecessor-version":[{"id":1207,"href":"http:\/\/www.bursaprofil.com.tr\/index.php?rest_route=\/wp\/v2\/pages\/6\/revisions\/1207"}],"wp:attachment":[{"href":"http:\/\/www.bursaprofil.com.tr\/index.php?rest_route=%2Fwp%2Fv2%2Fmedia&parent=6"}],"curies":[{"name":"wp","href":"https:\/\/api.w.org\/{rel}","templated":true}]}}